{"id":10197,"date":"2021-10-06T13:28:19","date_gmt":"2021-10-06T13:28:19","guid":{"rendered":"https:\/\/ipremia.eu\/kontakt\/"},"modified":"2023-04-07T09:44:22","modified_gmt":"2023-04-07T09:44:22","slug":"kontakt","status":"publish","type":"page","link":"https:\/\/ipremia.eu\/cs\/kontakt\/","title":{"rendered":"Kontakt"},"content":{"rendered":"\t\t<div data-elementor-type=\"wp-page\" data-elementor-id=\"10197\" class=\"elementor elementor-10197 elementor-1985\">\n\t\t\t\t\t\t\t\t\t<section class=\"elementor-section elementor-top-section elementor-element elementor-element-677addc elementor-section-boxed elementor-section-height-default elementor-section-height-default\" data-id=\"677addc\" data-element_type=\"section\" data-settings=\"{&quot;background_background&quot;:&quot;classic&quot;}\">\n\t\t\t\t\t\t<div class=\"elementor-container elementor-column-gap-extended\">\n\t\t\t\t\t<div class=\"elementor-column elementor-col-50 elementor-top-column elementor-element elementor-element-45b25de\" data-id=\"45b25de\" data-element_type=\"column\">\n\t\t\t<div class=\"elementor-widget-wrap elementor-element-populated\">\n\t\t\t\t\t\t\t\t<div class=\"elementor-element elementor-element-58f7dcf elementor-widget elementor-widget-machic-custom-title\" data-id=\"58f7dcf\" data-element_type=\"widget\" id=\"contactustitle\" data-widget_type=\"machic-custom-title.default\">\n\t\t\t\t<div class=\"elementor-widget-container\">\n\t\t\t<div class=\"site-module module-title small\"><h4 class=\"entry-subtitle\"><\/h4><h1 class=\"entry-title\">Kontaktujte n\u00e1s<\/h1><\/div><!-- site-module -->\t\t<\/div>\n\t\t\t\t<\/div>\n\t\t\t\t<div class=\"elementor-element elementor-element-52f9fd2 elementor-widget elementor-widget-machic-address-box\" data-id=\"52f9fd2\" data-element_type=\"widget\" id=\"addressblock\" data-widget_type=\"machic-address-box.default\">\n\t\t\t\t<div class=\"elementor-widget-container\">\n\t\t\t<div class=\"address-detail\"><span class=\"country\"><\/span><h5 class=\"address-title\">Czech Republic Office<\/h5><p class=\"address\">Me\u010dislavova 181\/9, Praha 4 \u2013 Nusle, 140 00 Praha<\/p><p class=\"phone\"><a href=\"tel:+420 778501996\">+420 778501996<\/a><\/p><p class=\"email\"><a href=\"mailto:info@ipremia.eu\">info@ipremia.eu<\/a><\/p><\/div><!-- address-detail -->\t\t<\/div>\n\t\t\t\t<\/div>\n\t\t\t\t\t<\/div>\n\t\t<\/div>\n\t\t\t\t<div class=\"elementor-column elementor-col-50 elementor-top-column elementor-element elementor-element-db128da\" data-id=\"db128da\" data-element_type=\"column\">\n\t\t\t<div class=\"elementor-widget-wrap elementor-element-populated\">\n\t\t\t\t\t\t\t\t<div class=\"elementor-element elementor-element-6c0d117 elementor-widget elementor-widget-image\" data-id=\"6c0d117\" data-element_type=\"widget\" data-widget_type=\"image.default\">\n\t\t\t\t<div class=\"elementor-widget-container\">\n\t\t\t<style>\/*! elementor - v3.12.1 - 02-04-2023 *\/\n.elementor-widget-image{text-align:center}.elementor-widget-image a{display:inline-block}.elementor-widget-image a img[src$=\".svg\"]{width:48px}.elementor-widget-image img{vertical-align:middle;display:inline-block}<\/style>\t\t\t\t\t\t\t\t\t\t\t\t<img loading=\"lazy\" decoding=\"async\" width=\"2469\" height=\"1480\" src=\"https:\/\/ipremia.eu\/wp-content\/uploads\/2022\/09\/phones_brain.jpg\" class=\"attachment-full size-full wp-image-4673 wvs-archive-product-image\" alt=\"\" srcset=\"https:\/\/ipremia.eu\/wp-content\/uploads\/2022\/09\/phones_brain.jpg 2469w, https:\/\/ipremia.eu\/wp-content\/uploads\/2022\/09\/phones_brain-300x180.jpg 300w, https:\/\/ipremia.eu\/wp-content\/uploads\/2022\/09\/phones_brain-1024x614.jpg 1024w, https:\/\/ipremia.eu\/wp-content\/uploads\/2022\/09\/phones_brain-768x460.jpg 768w, https:\/\/ipremia.eu\/wp-content\/uploads\/2022\/09\/phones_brain-1536x921.jpg 1536w, https:\/\/ipremia.eu\/wp-content\/uploads\/2022\/09\/phones_brain-2048x1228.jpg 2048w, https:\/\/ipremia.eu\/wp-content\/uploads\/2022\/09\/phones_brain-600x360.jpg 600w, https:\/\/ipremia.eu\/wp-content\/uploads\/2022\/09\/phones_brain-90x54.jpg 90w, https:\/\/ipremia.eu\/wp-content\/uploads\/2022\/09\/phones_brain-64x38.jpg 64w\" sizes=\"auto, (max-width: 2469px) 100vw, 2469px\" \/>\t\t\t\t\t\t\t\t\t\t\t\t\t\t\t<\/div>\n\t\t\t\t<\/div>\n\t\t\t\t\t<\/div>\n\t\t<\/div>\n\t\t\t\t\t\t\t<\/div>\n\t\t<\/section>\n\t\t\t\t<section class=\"elementor-section elementor-top-section elementor-element elementor-element-b487132 elementor-section-boxed elementor-section-height-default elementor-section-height-default\" data-id=\"b487132\" data-element_type=\"section\">\n\t\t\t\t\t\t<div class=\"elementor-container elementor-column-gap-extended\">\n\t\t\t\t\t<div class=\"elementor-column elementor-col-33 elementor-top-column elementor-element elementor-element-e0be4f4\" data-id=\"e0be4f4\" data-element_type=\"column\">\n\t\t\t<div class=\"elementor-widget-wrap elementor-element-populated\">\n\t\t\t\t\t\t\t\t<div class=\"elementor-element elementor-element-4e7afea elementor-hidden-desktop elementor-hidden-tablet elementor-hidden-mobile elementor-widget elementor-widget-machic-address-box\" data-id=\"4e7afea\" data-element_type=\"widget\" data-widget_type=\"machic-address-box.default\">\n\t\t\t\t<div class=\"elementor-widget-container\">\n\t\t\t<div class=\"address-detail\"><span class=\"country\">Czech Republic<\/span><h5 class=\"address-title\">Czech Republic Office<\/h5><p class=\"address\">Roh\u00e1\u010dova 188\/37, \u017di\u017ekov (Praha 3), 130 00 Praha <\/p><p class=\"phone\"><a href=\"tel:+1 1234 567 89\">+1 1234 567 89<\/a><\/p><p class=\"email\"><a href=\"mailto:info@ipremia.eu\">info@ipremia.eu<\/a><\/p><\/div><!-- address-detail -->\t\t<\/div>\n\t\t\t\t<\/div>\n\t\t\t\t\t<\/div>\n\t\t<\/div>\n\t\t\t\t<div class=\"elementor-column elementor-col-33 elementor-top-column elementor-element elementor-element-1d9a975 elementor-hidden-desktop elementor-hidden-tablet elementor-hidden-mobile\" data-id=\"1d9a975\" data-element_type=\"column\">\n\t\t\t<div class=\"elementor-widget-wrap elementor-element-populated\">\n\t\t\t\t\t\t\t\t<div class=\"elementor-element elementor-element-02baf37 elementor-widget elementor-widget-machic-address-box\" data-id=\"02baf37\" data-element_type=\"widget\" data-widget_type=\"machic-address-box.default\">\n\t\t\t\t<div class=\"elementor-widget-container\">\n\t\t\t<div class=\"address-detail\"><span class=\"country\">Czech Republic<\/span><h5 class=\"address-title\">Czech Republic Office<\/h5><p class=\"address\">Roh\u00e1\u010dova 188\/37, \u017di\u017ekov (Praha 3), 130 00 Praha <\/p><p class=\"phone\"><a href=\"tel:+1 1234 567 89\">+1 1234 567 89<\/a><\/p><p class=\"email\"><a href=\"mailto:info@ipremia.eu\">info@ipremia.eu<\/a><\/p><\/div><!-- address-detail -->\t\t<\/div>\n\t\t\t\t<\/div>\n\t\t\t\t\t<\/div>\n\t\t<\/div>\n\t\t\t\t<div class=\"elementor-column elementor-col-33 elementor-top-column elementor-element elementor-element-c7eaba8 elementor-hidden-desktop elementor-hidden-tablet elementor-hidden-mobile\" data-id=\"c7eaba8\" data-element_type=\"column\">\n\t\t\t<div class=\"elementor-widget-wrap elementor-element-populated\">\n\t\t\t\t\t\t\t\t<div class=\"elementor-element elementor-element-b7bb014 elementor-widget elementor-widget-machic-address-box\" data-id=\"b7bb014\" data-element_type=\"widget\" data-widget_type=\"machic-address-box.default\">\n\t\t\t\t<div class=\"elementor-widget-container\">\n\t\t\t<div class=\"address-detail\"><span class=\"country\">Czech Republic<\/span><h5 class=\"address-title\">Czech Republic Office<\/h5><p class=\"address\">Roh\u00e1\u010dova 188\/37, \u017di\u017ekov (Praha 3), 130 00 Praha <\/p><p class=\"phone\"><a href=\"tel:+1 1234 567 89\">+1 1234 567 89<\/a><\/p><p class=\"email\"><a href=\"mailto:info@ipremia.eu\">info@ipremia.eu<\/a><\/p><\/div><!-- address-detail -->\t\t<\/div>\n\t\t\t\t<\/div>\n\t\t\t\t\t<\/div>\n\t\t<\/div>\n\t\t\t\t\t\t\t<\/div>\n\t\t<\/section>\n\t\t\t\t<section class=\"elementor-section elementor-top-section elementor-element elementor-element-187d03f elementor-section-boxed elementor-section-height-default elementor-section-height-default\" data-id=\"187d03f\" data-element_type=\"section\">\n\t\t\t\t\t\t<div class=\"elementor-container elementor-column-gap-extended\">\n\t\t\t\t\t<div class=\"elementor-column elementor-col-33 elementor-top-column elementor-element elementor-element-62d71e4\" data-id=\"62d71e4\" data-element_type=\"column\">\n\t\t\t<div class=\"elementor-widget-wrap elementor-element-populated\">\n\t\t\t\t\t\t\t\t<div class=\"elementor-element elementor-element-c476ea2 elementor-widget elementor-widget-heading\" data-id=\"c476ea2\" data-element_type=\"widget\" id=\"feelfreecontact\" data-widget_type=\"heading.default\">\n\t\t\t\t<div class=\"elementor-widget-container\">\n\t\t\t<style>\/*! elementor - v3.12.1 - 02-04-2023 *\/\n.elementor-heading-title{padding:0;margin:0;line-height:1}.elementor-widget-heading .elementor-heading-title[class*=elementor-size-]>a{color:inherit;font-size:inherit;line-height:inherit}.elementor-widget-heading .elementor-heading-title.elementor-size-small{font-size:15px}.elementor-widget-heading .elementor-heading-title.elementor-size-medium{font-size:19px}.elementor-widget-heading .elementor-heading-title.elementor-size-large{font-size:29px}.elementor-widget-heading .elementor-heading-title.elementor-size-xl{font-size:39px}.elementor-widget-heading .elementor-heading-title.elementor-size-xxl{font-size:59px}<\/style><p class=\"elementor-heading-title elementor-size-default\">Nev\u00e1hejte se na n\u00e1s kdykoli obr\u00e1tit - r\u00e1di uv\u00edt\u00e1me dotazy na\u0161ich z\u00e1kazn\u00edk\u016f i dal\u0161\u00ed zp\u011btnou vazbu!<\/p>\t\t<\/div>\n\t\t\t\t<\/div>\n\t\t\t\t<div class=\"elementor-element elementor-element-72b8bf0 elementor-widget elementor-widget-google_maps\" data-id=\"72b8bf0\" data-element_type=\"widget\" data-widget_type=\"google_maps.default\">\n\t\t\t\t<div class=\"elementor-widget-container\">\n\t\t\t<style>\/*! elementor - v3.12.1 - 02-04-2023 *\/\n.elementor-widget-google_maps .elementor-widget-container{overflow:hidden}.elementor-widget-google_maps .elementor-custom-embed{line-height:0}.elementor-widget-google_maps iframe{height:300px}<\/style>\t\t<div class=\"elementor-custom-embed\">\n\t\t\t<iframe loading=\"lazy\"\n\t\t\t\t\tsrc=\"https:\/\/maps.google.com\/maps?q=Mecislavova%20181%2F9%2014000%20Prague&#038;t=m&#038;z=10&#038;output=embed&#038;iwloc=near\"\n\t\t\t\t\ttitle=\"Mecislavova 181\/9 14000 Prague\"\n\t\t\t\t\taria-label=\"Mecislavova 181\/9 14000 Prague\"\n\t\t\t><\/iframe>\n\t\t<\/div>\n\t\t\t\t<\/div>\n\t\t\t\t<\/div>\n\t\t\t\t<div class=\"elementor-element elementor-element-71fe4e1 elementor-hidden-desktop elementor-hidden-tablet elementor-hidden-mobile elementor-widget elementor-widget-image\" data-id=\"71fe4e1\" data-element_type=\"widget\" id=\"leftimagecontactform\" data-widget_type=\"image.default\">\n\t\t\t\t<div class=\"elementor-widget-container\">\n\t\t\t\t\t\t\t\t\t\t\t\t\t\t\t<img loading=\"lazy\" decoding=\"async\" width=\"1200\" height=\"1200\" src=\"https:\/\/ipremia.eu\/wp-content\/uploads\/2021\/10\/contact-1.jpg\" class=\"attachment-full size-full wp-image-2004 wvs-archive-product-image\" alt=\"\" srcset=\"https:\/\/ipremia.eu\/wp-content\/uploads\/2021\/10\/contact-1.jpg 1200w, https:\/\/ipremia.eu\/wp-content\/uploads\/2021\/10\/contact-1-300x300.jpg 300w, https:\/\/ipremia.eu\/wp-content\/uploads\/2021\/10\/contact-1-1024x1024.jpg 1024w, https:\/\/ipremia.eu\/wp-content\/uploads\/2021\/10\/contact-1-150x150.jpg 150w, https:\/\/ipremia.eu\/wp-content\/uploads\/2021\/10\/contact-1-768x768.jpg 768w, https:\/\/ipremia.eu\/wp-content\/uploads\/2021\/10\/contact-1-450x450.jpg 450w, https:\/\/ipremia.eu\/wp-content\/uploads\/2021\/10\/contact-1-90x90.jpg 90w, https:\/\/ipremia.eu\/wp-content\/uploads\/2021\/10\/contact-1-600x600.jpg 600w, https:\/\/ipremia.eu\/wp-content\/uploads\/2021\/10\/contact-1-54x54.jpg 54w, https:\/\/ipremia.eu\/wp-content\/uploads\/2021\/10\/contact-1-50x50.jpg 50w, https:\/\/ipremia.eu\/wp-content\/uploads\/2021\/10\/contact-1-100x100.jpg 100w, https:\/\/ipremia.eu\/wp-content\/uploads\/2021\/10\/contact-1-64x64.jpg 64w\" sizes=\"auto, (max-width: 1200px) 100vw, 1200px\" \/>\t\t\t\t\t\t\t\t\t\t\t\t\t\t\t<\/div>\n\t\t\t\t<\/div>\n\t\t\t\t\t<\/div>\n\t\t<\/div>\n\t\t\t\t<div class=\"elementor-column elementor-col-33 elementor-top-column elementor-element elementor-element-e2c097e elementor-hidden-tablet elementor-hidden-mobile\" data-id=\"e2c097e\" data-element_type=\"column\">\n\t\t\t<div class=\"elementor-widget-wrap\">\n\t\t\t\t\t\t\t\t\t<\/div>\n\t\t<\/div>\n\t\t\t\t<div class=\"elementor-column elementor-col-33 elementor-top-column elementor-element elementor-element-fa6036d\" data-id=\"fa6036d\" data-element_type=\"column\">\n\t\t\t<div class=\"elementor-widget-wrap elementor-element-populated\">\n\t\t\t\t\t\t\t\t<div class=\"elementor-element elementor-element-4178a16 elementor-widget elementor-widget-machic-contact-form-7\" data-id=\"4178a16\" data-element_type=\"widget\" id=\"getintouchform\" data-widget_type=\"machic-contact-form-7.default\">\n\t\t\t\t<div class=\"elementor-widget-container\">\n\t\t\t<div class=\"contact-form\"><h3 class=\"entry-title\">Spojte se s n\u00e1mi<\/h3><p><\/p>\n<div class=\"wpcf7 no-js\" id=\"wpcf7-f11431-o1\" lang=\"cz-CZ\" dir=\"ltr\">\n<div class=\"screen-reader-response\"><p role=\"status\" aria-live=\"polite\" aria-atomic=\"true\"><\/p> <ul><\/ul><\/div>\n<form action=\"\/cs\/wp-json\/wp\/v2\/pages\/10197#wpcf7-f11431-o1\" method=\"post\" class=\"wpcf7-form init\" aria-label=\"Contact form\" novalidate=\"novalidate\" data-status=\"init\">\n<div style=\"display: none;\">\n<input type=\"hidden\" name=\"_wpcf7\" value=\"11431\" \/>\n<input type=\"hidden\" name=\"_wpcf7_version\" value=\"5.7.4\" \/>\n<input type=\"hidden\" name=\"_wpcf7_locale\" value=\"cz_CZ\" \/>\n<input type=\"hidden\" name=\"_wpcf7_unit_tag\" value=\"wpcf7-f11431-o1\" \/>\n<input type=\"hidden\" name=\"_wpcf7_container_post\" value=\"0\" \/>\n<input type=\"hidden\" name=\"_wpcf7_posted_data_hash\" value=\"\" \/>\n<\/div>\n<div class=\"row\">\n\t<div class=\"col-12 col-lg-6\">\n\t\t<p><label> Va\u0161e jm\u00e9no * <\/label><br \/>\n<span class=\"wpcf7-form-control-wrap\" data-name=\"your-name\"><input size=\"40\" class=\"wpcf7-form-control wpcf7-text wpcf7-validates-as-required\" aria-required=\"true\" aria-invalid=\"false\" value=\"\" type=\"text\" name=\"your-name\" \/><\/span>\n\t\t<\/p>\n\t<\/div>\n\t<div class=\"col-12 col-lg-6\">\n\t\t<p><label> V\u00e1\u0161 e-mail *<\/label><br \/>\n<span class=\"wpcf7-form-control-wrap\" data-name=\"your-email\"><input size=\"40\" class=\"wpcf7-form-control wpcf7-text wpcf7-email wpcf7-validates-as-required wpcf7-validates-as-email\" aria-required=\"true\" aria-invalid=\"false\" value=\"\" type=\"email\" name=\"your-email\" \/><\/span>\n\t\t<\/p>\n\t<\/div>\n\t<div class=\"col-12 col-lg-12\">\n\t\t<p><label> P\u0159edm\u011bt * <\/label><br \/>\n<span class=\"wpcf7-form-control-wrap\" data-name=\"your-subject\"><input size=\"40\" class=\"wpcf7-form-control wpcf7-text wpcf7-validates-as-required\" aria-required=\"true\" aria-invalid=\"false\" value=\"\" type=\"text\" name=\"your-subject\" \/><\/span>\n\t\t<\/p>\n\t<\/div>\n\t<div class=\"col-12 col-lg-12\">\n\t\t<p><label> Va\u0161e zpr\u00e1va <\/label><br \/>\n<span class=\"wpcf7-form-control-wrap\" data-name=\"your-message\"><textarea cols=\"40\" rows=\"10\" class=\"wpcf7-form-control wpcf7-textarea\" aria-invalid=\"false\" name=\"your-message\"><\/textarea><\/span>\n\t\t<\/p>\n\t<\/div>\n\t<div class=\"col-12 col-lg-12\">\n\t\t<p><input class=\"wpcf7-form-control has-spinner wpcf7-submit\" type=\"submit\" value=\"Odeslat zpr\u00e1vu\" \/>\n\t\t<\/p>\n\t<\/div>\n<\/div><div class=\"wpcf7-response-output\" aria-hidden=\"true\"><\/div>\n<\/form>\n<\/div>\n<\/div><!-- contact-form -->\t\t<\/div>\n\t\t\t\t<\/div>\n\t\t\t\t\t<\/div>\n\t\t<\/div>\n\t\t\t\t\t\t\t<\/div>\n\t\t<\/section>\n\t\t\t\t\t\t\t<\/div>\n\t\t","protected":false},"excerpt":{"rendered":"<p>Kontaktujte n\u00e1s Czech Republic Office Me\u010dislavova 181\/9, Praha 4 \u2013 Nusle, 140 00 Praha +420 778501996 info@ipremia.eu Czech Republic Czech Republic Office Roh\u00e1\u010dova 188\/37, \u017di\u017ekov (Praha 3), 130 00 Praha +1 1234 567 89 info@ipremia.eu Czech Republic Czech Republic Office Roh\u00e1\u010dova 188\/37, \u017di\u017ekov (Praha 3), 130 00 Praha +1 1234 567 89 info@ipremia.eu Czech Republic<\/p>\n<div class=\"klb-readmore entry-button\"><a class=\"btn read-more\" href=\"https:\/\/ipremia.eu\/cs\/kontakt\/\">Read More<\/a><\/div>\n","protected":false},"author":1,"featured_media":0,"parent":0,"menu_order":0,"comment_status":"closed","ping_status":"closed","template":"","meta":{"footnotes":""},"class_list":["post-10197","page","type-page","status-publish","hentry"],"_links":{"self":[{"href":"https:\/\/ipremia.eu\/cs\/wp-json\/wp\/v2\/pages\/10197","targetHints":{"allow":["GET"]}}],"collection":[{"href":"https:\/\/ipremia.eu\/cs\/wp-json\/wp\/v2\/pages"}],"about":[{"href":"https:\/\/ipremia.eu\/cs\/wp-json\/wp\/v2\/types\/page"}],"author":[{"embeddable":true,"href":"https:\/\/ipremia.eu\/cs\/wp-json\/wp\/v2\/users\/1"}],"replies":[{"embeddable":true,"href":"https:\/\/ipremia.eu\/cs\/wp-json\/wp\/v2\/comments?post=10197"}],"version-history":[{"count":37,"href":"https:\/\/ipremia.eu\/cs\/wp-json\/wp\/v2\/pages\/10197\/revisions"}],"predecessor-version":[{"id":12459,"href":"https:\/\/ipremia.eu\/cs\/wp-json\/wp\/v2\/pages\/10197\/revisions\/12459"}],"wp:attachment":[{"href":"https:\/\/ipremia.eu\/cs\/wp-json\/wp\/v2\/media?parent=10197"}],"curies":[{"name":"wp","href":"https:\/\/api.w.org\/{rel}","templated":true}]}}