{"id":10270,"date":"2022-09-14T12:57:12","date_gmt":"2022-09-14T12:57:12","guid":{"rendered":"https:\/\/ipremia.eu\/nas-blog\/"},"modified":"2023-04-04T20:48:30","modified_gmt":"2023-04-04T20:48:30","slug":"nas-blog","status":"publish","type":"page","link":"https:\/\/ipremia.eu\/cs\/nas-blog\/","title":{"rendered":"N\u00e1\u0161 blog"},"content":{"rendered":"\t\t<div data-elementor-type=\"wp-page\" data-elementor-id=\"10270\" class=\"elementor elementor-10270 elementor-4716\">\n\t\t\t\t\t\t\t\t\t<section class=\"elementor-section elementor-top-section elementor-element elementor-element-6530eb8 elementor-section-boxed elementor-section-height-default elementor-section-height-default\" data-id=\"6530eb8\" data-element_type=\"section\" id=\"blogtitle\" data-settings=\"{&quot;background_background&quot;:&quot;classic&quot;}\">\n\t\t\t\t\t\t<div class=\"elementor-container elementor-column-gap-default\">\n\t\t\t\t\t<div class=\"elementor-column elementor-col-100 elementor-top-column elementor-element elementor-element-f3d4233\" data-id=\"f3d4233\" data-element_type=\"column\">\n\t\t\t<div class=\"elementor-widget-wrap elementor-element-populated\">\n\t\t\t\t\t\t\t\t<div class=\"elementor-element elementor-element-08dcfdf elementor-widget elementor-widget-heading\" data-id=\"08dcfdf\" data-element_type=\"widget\" id=\"blogtitle\" data-widget_type=\"heading.default\">\n\t\t\t\t<div class=\"elementor-widget-container\">\n\t\t\t<style>\/*! elementor - v3.12.1 - 02-04-2023 *\/\n.elementor-heading-title{padding:0;margin:0;line-height:1}.elementor-widget-heading .elementor-heading-title[class*=elementor-size-]>a{color:inherit;font-size:inherit;line-height:inherit}.elementor-widget-heading .elementor-heading-title.elementor-size-small{font-size:15px}.elementor-widget-heading .elementor-heading-title.elementor-size-medium{font-size:19px}.elementor-widget-heading .elementor-heading-title.elementor-size-large{font-size:29px}.elementor-widget-heading .elementor-heading-title.elementor-size-xl{font-size:39px}.elementor-widget-heading .elementor-heading-title.elementor-size-xxl{font-size:59px}<\/style><h1 class=\"elementor-heading-title elementor-size-default\">BLOG<\/h1>\t\t<\/div>\n\t\t\t\t<\/div>\n\t\t\t\t\t<\/div>\n\t\t<\/div>\n\t\t\t\t\t\t\t<\/div>\n\t\t<\/section>\n\t\t\t\t<section class=\"elementor-section elementor-top-section elementor-element elementor-element-5638321 elementor-section-boxed elementor-section-height-default elementor-section-height-default\" data-id=\"5638321\" data-element_type=\"section\" id=\"blogsection\">\n\t\t\t\t\t\t<div class=\"elementor-container elementor-column-gap-default\">\n\t\t\t\t\t<div class=\"elementor-column elementor-col-100 elementor-top-column elementor-element elementor-element-d933224\" data-id=\"d933224\" data-element_type=\"column\">\n\t\t\t<div class=\"elementor-widget-wrap elementor-element-populated\">\n\t\t\t\t\t\t\t\t<div class=\"elementor-element elementor-element-5d0510f elementor-posts--align-center elementor-grid-3 elementor-grid-tablet-2 elementor-grid-mobile-1 elementor-posts--thumbnail-top elementor-widget elementor-widget-posts\" data-id=\"5d0510f\" data-element_type=\"widget\" id=\"theposts\" data-settings=\"{&quot;classic_columns&quot;:&quot;3&quot;,&quot;classic_columns_tablet&quot;:&quot;2&quot;,&quot;classic_columns_mobile&quot;:&quot;1&quot;,&quot;classic_row_gap&quot;:{&quot;unit&quot;:&quot;px&quot;,&quot;size&quot;:35,&quot;sizes&quot;:[]},&quot;classic_row_gap_tablet&quot;:{&quot;unit&quot;:&quot;px&quot;,&quot;size&quot;:&quot;&quot;,&quot;sizes&quot;:[]},&quot;classic_row_gap_mobile&quot;:{&quot;unit&quot;:&quot;px&quot;,&quot;size&quot;:&quot;&quot;,&quot;sizes&quot;:[]}}\" data-widget_type=\"posts.classic\">\n\t\t\t\t<div class=\"elementor-widget-container\">\n\t\t\t<link rel=\"stylesheet\" href=\"https:\/\/ipremia.eu\/wp-content\/plugins\/elementor-pro\/assets\/css\/widget-posts.min.css\">\t\t<div class=\"elementor-posts-container elementor-posts elementor-posts--skin-classic elementor-grid\">\n\t\t\t\t<article class=\"elementor-post elementor-grid-item post-10241 post type-post status-publish format-standard has-post-thumbnail hentry category-uncategorized\">\n\t\t\t\t<a class=\"elementor-post__thumbnail__link\" href=\"https:\/\/ipremia.eu\/cs\/proc-je-vyber-repasovaneho-iphonu-chytre-rozhodnuti\/\" >\n\t\t\t<div class=\"elementor-post__thumbnail\"><img loading=\"lazy\" decoding=\"async\" width=\"1366\" height=\"768\" src=\"https:\/\/ipremia.eu\/wp-content\/uploads\/2022\/08\/Progetto-senza-titolo.jpg\" class=\"attachment-full size-full wp-image-11460 wvs-archive-product-image\" alt=\"\" srcset=\"https:\/\/ipremia.eu\/wp-content\/uploads\/2022\/08\/Progetto-senza-titolo.jpg 1366w, https:\/\/ipremia.eu\/wp-content\/uploads\/2022\/08\/Progetto-senza-titolo-300x169.jpg 300w, https:\/\/ipremia.eu\/wp-content\/uploads\/2022\/08\/Progetto-senza-titolo-1024x576.jpg 1024w, https:\/\/ipremia.eu\/wp-content\/uploads\/2022\/08\/Progetto-senza-titolo-768x432.jpg 768w, https:\/\/ipremia.eu\/wp-content\/uploads\/2022\/08\/Progetto-senza-titolo-600x337.jpg 600w, https:\/\/ipremia.eu\/wp-content\/uploads\/2022\/08\/Progetto-senza-titolo-90x51.jpg 90w, https:\/\/ipremia.eu\/wp-content\/uploads\/2022\/08\/Progetto-senza-titolo-64x36.jpg 64w\" sizes=\"auto, (max-width: 1366px) 100vw, 1366px\" \/><\/div>\n\t\t<\/a>\n\t\t\t\t<div class=\"elementor-post__text\">\n\t\t\t\t<h3 class=\"elementor-post__title\">\n\t\t\t<a href=\"https:\/\/ipremia.eu\/cs\/proc-je-vyber-repasovaneho-iphonu-chytre-rozhodnuti\/\" >\n\t\t\t\tPro\u010d je v\u00fdb\u011br repasovan\u00e9ho iPhonu chytr\u00e9 rozhodnut\u00ed\t\t\t<\/a>\n\t\t<\/h3>\n\t\t\t\t<div class=\"elementor-post__excerpt\">\n\t\t\t<p>Pokud si chcete po\u0159\u00eddit nov\u00fd telefon, m\u016f\u017eete zv\u00e1\u017eit koupi repasovan\u00e9ho iPhonu. Nejen\u017ee m\u016f\u017eete u\u0161et\u0159it zna\u010dn\u00e9 mno\u017estv\u00ed pen\u011bz, ale tak\u00e9&#8230;<\/p>\n\t\t<\/div>\n\t\t\t\t<\/div>\n\t\t\t\t<\/article>\n\t\t\t\t<article class=\"elementor-post elementor-grid-item post-10233 post type-post status-publish format-standard has-post-thumbnail hentry category-uncategorized\">\n\t\t\t\t<a class=\"elementor-post__thumbnail__link\" href=\"https:\/\/ipremia.eu\/cs\/jak-chranit-repasovany-iphone\/\" >\n\t\t\t<div class=\"elementor-post__thumbnail\"><img loading=\"lazy\" decoding=\"async\" width=\"1366\" height=\"768\" src=\"https:\/\/ipremia.eu\/wp-content\/uploads\/2022\/08\/Progetto-senza-titolo-1.jpg\" class=\"attachment-full size-full wp-image-11481 wvs-archive-product-image\" alt=\"\" srcset=\"https:\/\/ipremia.eu\/wp-content\/uploads\/2022\/08\/Progetto-senza-titolo-1.jpg 1366w, https:\/\/ipremia.eu\/wp-content\/uploads\/2022\/08\/Progetto-senza-titolo-1-300x169.jpg 300w, https:\/\/ipremia.eu\/wp-content\/uploads\/2022\/08\/Progetto-senza-titolo-1-1024x576.jpg 1024w, https:\/\/ipremia.eu\/wp-content\/uploads\/2022\/08\/Progetto-senza-titolo-1-768x432.jpg 768w, https:\/\/ipremia.eu\/wp-content\/uploads\/2022\/08\/Progetto-senza-titolo-1-600x337.jpg 600w, https:\/\/ipremia.eu\/wp-content\/uploads\/2022\/08\/Progetto-senza-titolo-1-90x51.jpg 90w, https:\/\/ipremia.eu\/wp-content\/uploads\/2022\/08\/Progetto-senza-titolo-1-64x36.jpg 64w\" sizes=\"auto, (max-width: 1366px) 100vw, 1366px\" \/><\/div>\n\t\t<\/a>\n\t\t\t\t<div class=\"elementor-post__text\">\n\t\t\t\t<h3 class=\"elementor-post__title\">\n\t\t\t<a href=\"https:\/\/ipremia.eu\/cs\/jak-chranit-repasovany-iphone\/\" >\n\t\t\t\tZ\u00e1kladn\u00ed tipy pro ochranu repasovan\u00e9ho iPhonu\t\t\t<\/a>\n\t\t<\/h3>\n\t\t\t\t<div class=\"elementor-post__excerpt\">\n\t\t\t<p>Stejn\u011b jako ka\u017ed\u00fd jin\u00fd chytr\u00fd telefon je i renovovan\u00fd iPhone n\u00e1chyln\u00fd k po\u0161kozen\u00ed v d\u016fsledku p\u00e1du, polit\u00ed a dal\u0161\u00edch nehod&#8230;<\/p>\n\t\t<\/div>\n\t\t\t\t<\/div>\n\t\t\t\t<\/article>\n\t\t\t\t<article class=\"elementor-post elementor-grid-item post-10229 post type-post status-publish format-standard has-post-thumbnail hentry category-uncategorized\">\n\t\t\t\t<a class=\"elementor-post__thumbnail__link\" href=\"https:\/\/ipremia.eu\/cs\/5-duvodu-proc-si-koupit-repasovany-iphone\/\" >\n\t\t\t<div class=\"elementor-post__thumbnail\"><img loading=\"lazy\" decoding=\"async\" width=\"1366\" height=\"768\" src=\"https:\/\/ipremia.eu\/wp-content\/uploads\/2022\/08\/Progetto-senza-titolo-5.jpg\" class=\"attachment-full size-full wp-image-11513 wvs-archive-product-image\" alt=\"\" srcset=\"https:\/\/ipremia.eu\/wp-content\/uploads\/2022\/08\/Progetto-senza-titolo-5.jpg 1366w, https:\/\/ipremia.eu\/wp-content\/uploads\/2022\/08\/Progetto-senza-titolo-5-300x169.jpg 300w, https:\/\/ipremia.eu\/wp-content\/uploads\/2022\/08\/Progetto-senza-titolo-5-1024x576.jpg 1024w, https:\/\/ipremia.eu\/wp-content\/uploads\/2022\/08\/Progetto-senza-titolo-5-768x432.jpg 768w, https:\/\/ipremia.eu\/wp-content\/uploads\/2022\/08\/Progetto-senza-titolo-5-600x337.jpg 600w, https:\/\/ipremia.eu\/wp-content\/uploads\/2022\/08\/Progetto-senza-titolo-5-90x51.jpg 90w, https:\/\/ipremia.eu\/wp-content\/uploads\/2022\/08\/Progetto-senza-titolo-5-64x36.jpg 64w\" sizes=\"auto, (max-width: 1366px) 100vw, 1366px\" \/><\/div>\n\t\t<\/a>\n\t\t\t\t<div class=\"elementor-post__text\">\n\t\t\t\t<h3 class=\"elementor-post__title\">\n\t\t\t<a href=\"https:\/\/ipremia.eu\/cs\/5-duvodu-proc-si-koupit-repasovany-iphone\/\" >\n\t\t\t\tRedukovat, znovu pou\u017e\u00edt, renovovat: Znovuobnoven\u00e9 iPhony podporuj\u00ed udr\u017eitelnost\t\t\t<\/a>\n\t\t<\/h3>\n\t\t\t\t<div class=\"elementor-post__excerpt\">\n\t\t\t<p>Pokud jde o sni\u017eov\u00e1n\u00ed dopadu na \u017eivotn\u00ed prost\u0159ed\u00ed, v\u00fdrobky, kter\u00e9 si kupujete, mohou m\u00edt velk\u00fd vliv&#8230;<\/p>\n\t\t<\/div>\n\t\t\t\t<\/div>\n\t\t\t\t<\/article>\n\t\t\t\t<\/div>\n\t\t\n\t\t\t\t<\/div>\n\t\t\t\t<\/div>\n\t\t\t\t\t<\/div>\n\t\t<\/div>\n\t\t\t\t\t\t\t<\/div>\n\t\t<\/section>\n\t\t\t\t\t\t\t<\/div>\n\t\t","protected":false},"excerpt":{"rendered":"<p>BLOG<\/p>\n","protected":false},"author":1,"featured_media":0,"parent":0,"menu_order":0,"comment_status":"closed","ping_status":"closed","template":"","meta":{"footnotes":""},"class_list":["post-10270","page","type-page","status-publish","hentry"],"_links":{"self":[{"href":"https:\/\/ipremia.eu\/cs\/wp-json\/wp\/v2\/pages\/10270","targetHints":{"allow":["GET"]}}],"collection":[{"href":"https:\/\/ipremia.eu\/cs\/wp-json\/wp\/v2\/pages"}],"about":[{"href":"https:\/\/ipremia.eu\/cs\/wp-json\/wp\/v2\/types\/page"}],"author":[{"embeddable":true,"href":"https:\/\/ipremia.eu\/cs\/wp-json\/wp\/v2\/users\/1"}],"replies":[{"embeddable":true,"href":"https:\/\/ipremia.eu\/cs\/wp-json\/wp\/v2\/comments?post=10270"}],"version-history":[{"count":4,"href":"https:\/\/ipremia.eu\/cs\/wp-json\/wp\/v2\/pages\/10270\/revisions"}],"predecessor-version":[{"id":12385,"href":"https:\/\/ipremia.eu\/cs\/wp-json\/wp\/v2\/pages\/10270\/revisions\/12385"}],"wp:attachment":[{"href":"https:\/\/ipremia.eu\/cs\/wp-json\/wp\/v2\/media?parent=10270"}],"curies":[{"name":"wp","href":"https:\/\/api.w.org\/{rel}","templated":true}]}}