{"id":10388,"date":"2022-11-25T09:58:47","date_gmt":"2022-11-25T09:58:47","guid":{"rendered":"https:\/\/ipremia.eu\/product\/iphone-se-2020\/"},"modified":"2023-04-08T16:56:19","modified_gmt":"2023-04-08T16:56:19","slug":"iphone-se-2020","status":"publish","type":"product","link":"https:\/\/ipremia.eu\/cs\/produkt\/iphone-se-2020\/","title":{"rendered":"iPhone SE 2020"},"content":{"rendered":"\t\t<div data-elementor-type=\"product-post\" data-elementor-id=\"10388\" class=\"elementor elementor-10388 elementor-8563\">\n\t\t\t\t\t\t\t\t\t<section class=\"elementor-section elementor-top-section elementor-element elementor-element-586ed99 elementor-section-boxed elementor-section-height-default elementor-section-height-default\" data-id=\"586ed99\" data-element_type=\"section\">\n\t\t\t\t\t\t<div class=\"elementor-container elementor-column-gap-default\">\n\t\t\t\t\t<div class=\"elementor-column elementor-col-100 elementor-top-column elementor-element elementor-element-b7beae6\" data-id=\"b7beae6\" data-element_type=\"column\">\n\t\t\t<div class=\"elementor-widget-wrap elementor-element-populated\">\n\t\t\t\t\t\t\t\t<div class=\"elementor-element elementor-element-a79c109 elementor-widget elementor-widget-text-editor\" data-id=\"a79c109\" data-element_type=\"widget\" data-widget_type=\"text-editor.default\">\n\t\t\t\t<div class=\"elementor-widget-container\">\n\t\t\t<style>\/*! elementor - v3.12.1 - 02-04-2023 *\/\n.elementor-widget-text-editor.elementor-drop-cap-view-stacked .elementor-drop-cap{background-color:#69727d;color:#fff}.elementor-widget-text-editor.elementor-drop-cap-view-framed .elementor-drop-cap{color:#69727d;border:3px solid;background-color:transparent}.elementor-widget-text-editor:not(.elementor-drop-cap-view-default) .elementor-drop-cap{margin-top:8px}.elementor-widget-text-editor:not(.elementor-drop-cap-view-default) .elementor-drop-cap-letter{width:1em;height:1em}.elementor-widget-text-editor .elementor-drop-cap{float:left;text-align:center;line-height:1;font-size:50px}.elementor-widget-text-editor .elementor-drop-cap-letter{display:inline-block}<\/style>\t\t\t\t<p>V\u00fdkonn\u00fd \u010dip A13 Bionic je v iPhonu SE 2020 zabalen do nejobl\u00edben\u011bj\u0161\u00ed a nejpohodln\u011bj\u0161\u00ed velikosti 4,7palcov\u00e9ho displeje. Tento model nab\u00edz\u00ed \u0161pi\u010dkov\u00e9 funkce za dostupnou cenu. Nemluv\u011b o n\u00e1vratu star\u00e9ho dobr\u00e9ho tla\u010d\u00edtka Home!<\/p>\n\t\t\t\t\t\t<\/div>\n\t\t\t\t<\/div>\n\t\t\t\t\t<\/div>\n\t\t<\/div>\n\t\t\t\t\t\t\t<\/div>\n\t\t<\/section>\n\t\t\t\t<section class=\"elementor-section elementor-top-section elementor-element elementor-element-fbf8386 elementor-section-boxed elementor-section-height-default elementor-section-height-default\" data-id=\"fbf8386\" data-element_type=\"section\">\n\t\t\t\t\t\t<div class=\"elementor-container elementor-column-gap-default\">\n\t\t\t\t\t<div class=\"elementor-column elementor-col-50 elementor-top-column elementor-element elementor-element-80e24c2\" data-id=\"80e24c2\" data-element_type=\"column\">\n\t\t\t<div class=\"elementor-widget-wrap elementor-element-populated\">\n\t\t\t\t\t\t\t\t<div class=\"elementor-element elementor-element-66c94a3 elementor-widget elementor-widget-text-editor\" data-id=\"66c94a3\" data-element_type=\"widget\" data-widget_type=\"text-editor.default\">\n\t\t\t\t<div class=\"elementor-widget-container\">\n\t\t\t\t\t\t\t<p><strong>Displej<\/strong> 4,7palcov\u00fd Retina IPS LCD displej<br \/><strong>Zadn\u00ed fotoapar\u00e1t<\/strong> 12 Mpx fotoapar\u00e1t s optickou stabilizac\u00ed obrazu, portr\u00e9tn\u00edm re\u017eimem a osv\u011btlen\u00edm a videem a\u017e 60 fps v rozli\u0161en\u00ed 4K<br \/><strong>P\u0159edn\u00ed fotoapar\u00e1t<\/strong> 7 MP<br \/><strong>Procesor <\/strong>Super v\u00fdkonn\u00fd a inteligentn\u00ed \u010dip A13 Bionic<br \/><strong>\u00dalo\u017ei\u0161t\u011b&nbsp;<\/strong>64 GB, 128 GB, 256 GB<br \/><strong>Ov\u011b\u0159ov\u00e1n\u00ed <\/strong>Sn\u00edma\u010d otisk\u016f prst\u016f pom\u00e1h\u00e1 chr\u00e1nit va\u0161e soukrom\u00ed<br \/><strong>Karta SIM <\/strong>Dual SIM &#8211; nano-SIM a eSIM<\/p>\n\t\t\t\t\t\t<\/div>\n\t\t\t\t<\/div>\n\t\t\t\t\t<\/div>\n\t\t<\/div>\n\t\t\t\t<div class=\"elementor-column elementor-col-50 elementor-top-column elementor-element elementor-element-ac143c9\" data-id=\"ac143c9\" data-element_type=\"column\">\n\t\t\t<div class=\"elementor-widget-wrap elementor-element-populated\">\n\t\t\t\t\t\t\t\t<div class=\"elementor-element elementor-element-909424b elementor-widget elementor-widget-text-editor\" data-id=\"909424b\" data-element_type=\"widget\" data-widget_type=\"text-editor.default\">\n\t\t\t\t<div class=\"elementor-widget-container\">\n\t\t\t\t\t\t\t<p><strong>Bluetooth<\/strong> 5.0<br \/><strong>Konektory<\/strong> Konektor Lightning<br \/><strong>S\u00ed\u0165<\/strong> 4G \/ LTE, Wi-Fi<br \/><strong>Baterie <\/strong>Li-ion 1821 mAh, bezdr\u00e1tov\u00e9 nab\u00edjen\u00ed, kompatibiln\u00ed s nab\u00edje\u010dkami Qi<br \/><strong>Velikost a hmotnost <\/strong>138,4 x 67,3 x 7,3 mm \/ 148 g<br \/><strong>Vodot\u011bsnost <\/strong>P\u016fvodn\u00ed vodot\u011bsnost IP67 nelze zaru\u010dit z d\u016fvodu renovace.<\/p>\n\t\t\t\t\t\t<\/div>\n\t\t\t\t<\/div>\n\t\t\t\t\t<\/div>\n\t\t<\/div>\n\t\t\t\t\t\t\t<\/div>\n\t\t<\/section>\n\t\t\t\t\t\t\t<\/div>\n\t\t","protected":false},"excerpt":{"rendered":"<ul class=\"CategoryCardDetailed__DetailsContainer-uha5n-5 cVOGue\">\n<li class=\"Detail__DetailContainer-sc-1osca0i-0 cpJJjX\">\n<p class=\"TextTag__HtmlTag-sc-4i1t5p-0 kGOcab\">4,7&#8243; displej<\/p>\n<\/li>\n<li class=\"Detail__DetailContainer-sc-1osca0i-0 cpJJjX\">\n<p class=\"TextTag__HtmlTag-sc-4i1t5p-0 kGOcab\">Syst\u00e9m s jednou kamerou<\/p>\n<\/li>\n<li class=\"Detail__DetailContainer-sc-1osca0i-0 cpJJjX\">\n<p class=\"TextTag__HtmlTag-sc-4i1t5p-0 kGOcab\">\u010cip A13 Bionic<\/p>\n<\/li>\n<\/ul>\n","protected":false},"featured_media":10101,"comment_status":"closed","ping_status":"closed","template":"","meta":[],"product_cat":[900],"product_tag":[],"class_list":["post-10388","product","type-product","status-publish","has-post-thumbnail","hentry","product_cat-iphone-se-cs","pa_capacity-128-gb","pa_capacity-256-gb","pa_capacity-64-gb","pa_color-bila","pa_color-cerna","pa_color-cervena","pa_grade-dobry","pa_grade-spravedlive","pa_grade-vynikajici"],"_links":{"self":[{"href":"https:\/\/ipremia.eu\/cs\/wp-json\/wp\/v2\/product\/10388","targetHints":{"allow":["GET"]}}],"collection":[{"href":"https:\/\/ipremia.eu\/cs\/wp-json\/wp\/v2\/product"}],"about":[{"href":"https:\/\/ipremia.eu\/cs\/wp-json\/wp\/v2\/types\/product"}],"replies":[{"embeddable":true,"href":"https:\/\/ipremia.eu\/cs\/wp-json\/wp\/v2\/comments?post=10388"}],"version-history":[{"count":1,"href":"https:\/\/ipremia.eu\/cs\/wp-json\/wp\/v2\/product\/10388\/revisions"}],"predecessor-version":[{"id":10466,"href":"https:\/\/ipremia.eu\/cs\/wp-json\/wp\/v2\/product\/10388\/revisions\/10466"}],"wp:featuredmedia":[{"embeddable":true,"href":"https:\/\/ipremia.eu\/cs\/wp-json\/wp\/v2\/media\/10101"}],"wp:attachment":[{"href":"https:\/\/ipremia.eu\/cs\/wp-json\/wp\/v2\/media?parent=10388"}],"wp:term":[{"taxonomy":"product_cat","embeddable":true,"href":"https:\/\/ipremia.eu\/cs\/wp-json\/wp\/v2\/product_cat?post=10388"},{"taxonomy":"product_tag","embeddable":true,"href":"https:\/\/ipremia.eu\/cs\/wp-json\/wp\/v2\/product_tag?post=10388"}],"curies":[{"name":"wp","href":"https:\/\/api.w.org\/{rel}","templated":true}]}}