{"id":10477,"date":"2022-11-25T10:28:52","date_gmt":"2022-11-25T10:28:52","guid":{"rendered":"https:\/\/ipremia.eu\/product\/iphone-12-mini\/"},"modified":"2023-04-08T16:37:37","modified_gmt":"2023-04-08T16:37:37","slug":"iphone-12-mini","status":"publish","type":"product","link":"https:\/\/ipremia.eu\/cs\/produkt\/iphone-12-mini\/","title":{"rendered":"iPhone 12 Mini"},"content":{"rendered":"\t\t<div data-elementor-type=\"product-post\" data-elementor-id=\"10477\" class=\"elementor elementor-10477 elementor-8595\">\n\t\t\t\t\t\t\t\t\t<section class=\"elementor-section elementor-top-section elementor-element elementor-element-be2ac13 elementor-section-boxed elementor-section-height-default elementor-section-height-default\" data-id=\"be2ac13\" data-element_type=\"section\">\n\t\t\t\t\t\t<div class=\"elementor-container elementor-column-gap-default\">\n\t\t\t\t\t<div class=\"elementor-column elementor-col-100 elementor-top-column elementor-element elementor-element-55baad7\" data-id=\"55baad7\" data-element_type=\"column\">\n\t\t\t<div class=\"elementor-widget-wrap elementor-element-populated\">\n\t\t\t\t\t\t\t\t<div class=\"elementor-element elementor-element-3b5eb9a elementor-widget elementor-widget-text-editor\" data-id=\"3b5eb9a\" data-element_type=\"widget\" data-widget_type=\"text-editor.default\">\n\t\t\t\t<div class=\"elementor-widget-container\">\n\t\t\t<style>\/*! elementor - v3.12.1 - 02-04-2023 *\/\n.elementor-widget-text-editor.elementor-drop-cap-view-stacked .elementor-drop-cap{background-color:#69727d;color:#fff}.elementor-widget-text-editor.elementor-drop-cap-view-framed .elementor-drop-cap{color:#69727d;border:3px solid;background-color:transparent}.elementor-widget-text-editor:not(.elementor-drop-cap-view-default) .elementor-drop-cap{margin-top:8px}.elementor-widget-text-editor:not(.elementor-drop-cap-view-default) .elementor-drop-cap-letter{width:1em;height:1em}.elementor-widget-text-editor .elementor-drop-cap{float:left;text-align:center;line-height:1;font-size:50px}.elementor-widget-text-editor .elementor-drop-cap-letter{display:inline-block}<\/style>\t\t\t\t<p>D\u00edky \u010dipu A14 Bionic je iPhone 12 Mini extr\u00e9mn\u011b rychl\u00fd. 5,4palcov\u00fd celoplo\u0161n\u00fd displej OLED zaji\u0161\u0165uje v\u00fdjime\u010dn\u00fd pocit v ruce, ani\u017e by to bylo na \u00fakor v\u00fdkonu. Vynikaj\u00edc\u00ed v\u00fdkon na dlani.<\/p>\n\t\t\t\t\t\t<\/div>\n\t\t\t\t<\/div>\n\t\t\t\t\t<\/div>\n\t\t<\/div>\n\t\t\t\t\t\t\t<\/div>\n\t\t<\/section>\n\t\t\t\t<section class=\"elementor-section elementor-top-section elementor-element elementor-element-fc5372d elementor-section-boxed elementor-section-height-default elementor-section-height-default\" data-id=\"fc5372d\" data-element_type=\"section\">\n\t\t\t\t\t\t<div class=\"elementor-container elementor-column-gap-default\">\n\t\t\t\t\t<div class=\"elementor-column elementor-col-50 elementor-top-column elementor-element elementor-element-5db1501\" data-id=\"5db1501\" data-element_type=\"column\">\n\t\t\t<div class=\"elementor-widget-wrap elementor-element-populated\">\n\t\t\t\t\t\t\t\t<div class=\"elementor-element elementor-element-d1b518e elementor-widget elementor-widget-text-editor\" data-id=\"d1b518e\" data-element_type=\"widget\" data-widget_type=\"text-editor.default\">\n\t\t\t\t<div class=\"elementor-widget-container\">\n\t\t\t\t\t\t\t<p><strong>Displej<\/strong> 5,4palcov\u00fd displej Super Retina XDR s technologi\u00ed True Tone<br \/><strong>Zadn\u00ed fotoapar\u00e1t<\/strong> Du\u00e1ln\u00ed 12Mpx fotoapar\u00e1t<br \/><strong>P\u0159edn\u00ed kamera<\/strong> 12 MP TrueDepth<br \/><strong>Procesor <\/strong>Super v\u00fdkonn\u00fd a inteligentn\u00ed \u010dip A14 Bionic<br \/><strong>\u00dalo\u017ei\u0161t\u011b<\/strong> 64 GB, 128 GB, 256 GB<br \/><strong>Ov\u011b\u0159ov\u00e1n\u00ed <\/strong>Chra\u0148te sv\u00e9 soukrom\u00ed pomoc\u00ed rozpozn\u00e1v\u00e1n\u00ed obli\u010deje<br \/><strong>Karta SIM <\/strong>Dual SIM &#8211; nano-SIM a eSIM<\/p>\n\t\t\t\t\t\t<\/div>\n\t\t\t\t<\/div>\n\t\t\t\t\t<\/div>\n\t\t<\/div>\n\t\t\t\t<div class=\"elementor-column elementor-col-50 elementor-top-column elementor-element elementor-element-0e578d0\" data-id=\"0e578d0\" data-element_type=\"column\">\n\t\t\t<div class=\"elementor-widget-wrap elementor-element-populated\">\n\t\t\t\t\t\t\t\t<div class=\"elementor-element elementor-element-5896a70 elementor-widget elementor-widget-text-editor\" data-id=\"5896a70\" data-element_type=\"widget\" data-widget_type=\"text-editor.default\">\n\t\t\t\t<div class=\"elementor-widget-container\">\n\t\t\t\t\t\t\t<p><strong>Bluetooth<\/strong> 5.0<br \/><strong>Konektory<\/strong> Konektor Lightning<br \/><strong>S\u00ed\u0165<\/strong> 5G \/ LTE, Wi-Fi<br \/><strong>Baterie <\/strong>Li-ion 2227 mAh, bezdr\u00e1tov\u00e9 nab\u00edjen\u00ed, kompatibiln\u00ed s nab\u00edje\u010dkami Qi<br \/><strong>Velikost a hmotnost <\/strong>131,5 x 64,2 x 7,4 mm \/ 135 g<br \/><strong>Vodot\u011bsnost <\/strong>P\u016fvodn\u00ed vodot\u011bsnost IP68 nelze zaru\u010dit z d\u016fvodu renovace.<\/p>\n\t\t\t\t\t\t<\/div>\n\t\t\t\t<\/div>\n\t\t\t\t\t<\/div>\n\t\t<\/div>\n\t\t\t\t\t\t\t<\/div>\n\t\t<\/section>\n\t\t\t\t\t\t\t<\/div>\n\t\t","protected":false},"excerpt":{"rendered":"<ul>\n<li>5,4&#8243; displej<\/li>\n<li>Syst\u00e9m dvou kamer<\/li>\n<li>\u010cip A14 Bionic<\/li>\n<\/ul>\n","protected":false},"featured_media":10104,"comment_status":"closed","ping_status":"closed","template":"","meta":[],"product_cat":[932],"product_tag":[],"class_list":["post-10477","product","type-product","status-publish","has-post-thumbnail","hentry","product_cat-iphone-12-mini-cs","pa_capacity-128-gb","pa_capacity-256-gb","pa_capacity-64-gb","pa_color-bila","pa_color-cerna","pa_color-cervena","pa_color-fialova","pa_color-modra","pa_color-zelena","pa_grade-dobry","pa_grade-spravedlive","pa_grade-vynikajici"],"_links":{"self":[{"href":"https:\/\/ipremia.eu\/cs\/wp-json\/wp\/v2\/product\/10477","targetHints":{"allow":["GET"]}}],"collection":[{"href":"https:\/\/ipremia.eu\/cs\/wp-json\/wp\/v2\/product"}],"about":[{"href":"https:\/\/ipremia.eu\/cs\/wp-json\/wp\/v2\/types\/product"}],"replies":[{"embeddable":true,"href":"https:\/\/ipremia.eu\/cs\/wp-json\/wp\/v2\/comments?post=10477"}],"version-history":[{"count":1,"href":"https:\/\/ipremia.eu\/cs\/wp-json\/wp\/v2\/product\/10477\/revisions"}],"predecessor-version":[{"id":10628,"href":"https:\/\/ipremia.eu\/cs\/wp-json\/wp\/v2\/product\/10477\/revisions\/10628"}],"wp:featuredmedia":[{"embeddable":true,"href":"https:\/\/ipremia.eu\/cs\/wp-json\/wp\/v2\/media\/10104"}],"wp:attachment":[{"href":"https:\/\/ipremia.eu\/cs\/wp-json\/wp\/v2\/media?parent=10477"}],"wp:term":[{"taxonomy":"product_cat","embeddable":true,"href":"https:\/\/ipremia.eu\/cs\/wp-json\/wp\/v2\/product_cat?post=10477"},{"taxonomy":"product_tag","embeddable":true,"href":"https:\/\/ipremia.eu\/cs\/wp-json\/wp\/v2\/product_tag?post=10477"}],"curies":[{"name":"wp","href":"https:\/\/api.w.org\/{rel}","templated":true}]}}