{"id":10636,"date":"2022-11-25T11:23:07","date_gmt":"2022-11-25T11:23:07","guid":{"rendered":"https:\/\/ipremia.eu\/product\/iphone-13\/"},"modified":"2023-04-08T16:59:34","modified_gmt":"2023-04-08T16:59:34","slug":"iphone-13","status":"publish","type":"product","link":"https:\/\/ipremia.eu\/cs\/produkt\/iphone-13\/","title":{"rendered":"iPhone 13"},"content":{"rendered":"\t\t<div data-elementor-type=\"product-post\" data-elementor-id=\"10636\" class=\"elementor elementor-10636 elementor-8686\">\n\t\t\t\t\t\t\t\t\t<section class=\"elementor-section elementor-top-section elementor-element elementor-element-d559286 elementor-section-boxed elementor-section-height-default elementor-section-height-default\" data-id=\"d559286\" data-element_type=\"section\">\n\t\t\t\t\t\t<div class=\"elementor-container elementor-column-gap-default\">\n\t\t\t\t\t<div class=\"elementor-column elementor-col-100 elementor-top-column elementor-element elementor-element-699c8f2\" data-id=\"699c8f2\" data-element_type=\"column\">\n\t\t\t<div class=\"elementor-widget-wrap elementor-element-populated\">\n\t\t\t\t\t\t\t\t<div class=\"elementor-element elementor-element-80cc7a7 elementor-widget elementor-widget-text-editor\" data-id=\"80cc7a7\" data-element_type=\"widget\" data-widget_type=\"text-editor.default\">\n\t\t\t\t<div class=\"elementor-widget-container\">\n\t\t\t<style>\/*! elementor - v3.12.1 - 02-04-2023 *\/\n.elementor-widget-text-editor.elementor-drop-cap-view-stacked .elementor-drop-cap{background-color:#69727d;color:#fff}.elementor-widget-text-editor.elementor-drop-cap-view-framed .elementor-drop-cap{color:#69727d;border:3px solid;background-color:transparent}.elementor-widget-text-editor:not(.elementor-drop-cap-view-default) .elementor-drop-cap{margin-top:8px}.elementor-widget-text-editor:not(.elementor-drop-cap-view-default) .elementor-drop-cap-letter{width:1em;height:1em}.elementor-widget-text-editor .elementor-drop-cap{float:left;text-align:center;line-height:1;font-size:50px}.elementor-widget-text-editor .elementor-drop-cap-letter{display:inline-block}<\/style>\t\t\t\t<p>D\u00edky \u010dipu A15 Bionic a 5G je iPhone 13 neuv\u011b\u0159iteln\u011b rychl\u00fd. Technologie Super Retina XDR zlep\u0161uje \u017eivost a \u010distotu zobrazen\u00ed na obrazovce. S fotografick\u00fdmi styly m\u016f\u017eete za\u010d\u00edt po\u0159izovat \u00fa\u017easn\u00e9 sn\u00edmky, kter\u00e9 odr\u00e1\u017eej\u00ed v\u00e1\u0161 osobn\u00ed styl. Robustn\u00ed konstrukce iPhonu 13 s keramick\u00fdm \u0161t\u00edtem poskytuje z\u00e1kazn\u00edk\u016fm v\u011bt\u0161\u00ed pocit bezpe\u010d\u00ed v p\u0159\u00edpad\u011b p\u00e1du.<\/p>\n\t\t\t\t\t\t<\/div>\n\t\t\t\t<\/div>\n\t\t\t\t\t<\/div>\n\t\t<\/div>\n\t\t\t\t\t\t\t<\/div>\n\t\t<\/section>\n\t\t\t\t<section class=\"elementor-section elementor-top-section elementor-element elementor-element-592354d elementor-section-boxed elementor-section-height-default elementor-section-height-default\" data-id=\"592354d\" data-element_type=\"section\">\n\t\t\t\t\t\t<div class=\"elementor-container elementor-column-gap-default\">\n\t\t\t\t\t<div class=\"elementor-column elementor-col-50 elementor-top-column elementor-element elementor-element-25df339\" data-id=\"25df339\" data-element_type=\"column\">\n\t\t\t<div class=\"elementor-widget-wrap elementor-element-populated\">\n\t\t\t\t\t\t\t\t<div class=\"elementor-element elementor-element-e104d53 elementor-widget elementor-widget-text-editor\" data-id=\"e104d53\" data-element_type=\"widget\" data-widget_type=\"text-editor.default\">\n\t\t\t\t<div class=\"elementor-widget-container\">\n\t\t\t\t\t\t\t<p><strong>Displej<\/strong> 6,1palcov\u00fd displej Super Retina XDR s technologi\u00ed True Tone<br \/><strong>Zadn\u00ed fotoapar\u00e1t<\/strong> Du\u00e1ln\u00ed 12Mpx fotoapar\u00e1t<br \/><strong>P\u0159edn\u00ed kamera<\/strong> 12 MP TrueDepth<br \/><strong>Procesor <\/strong>Super v\u00fdkonn\u00fd a inteligentn\u00ed \u010dip A15 Bionic<br \/><strong>\u00dalo\u017ei\u0161t\u011b <\/strong>128 GB, 256 GB, 512 GB<br \/><strong>Ov\u011b\u0159ov\u00e1n\u00ed <\/strong>Chra\u0148te sv\u00e9 soukrom\u00ed pomoc\u00ed rozpozn\u00e1v\u00e1n\u00ed obli\u010deje<br \/><strong>Karta SIM <\/strong>Dual SIM &#8211; nano-SIM a eSIM<\/p>\n\t\t\t\t\t\t<\/div>\n\t\t\t\t<\/div>\n\t\t\t\t\t<\/div>\n\t\t<\/div>\n\t\t\t\t<div class=\"elementor-column elementor-col-50 elementor-top-column elementor-element elementor-element-a10624c\" data-id=\"a10624c\" data-element_type=\"column\">\n\t\t\t<div class=\"elementor-widget-wrap elementor-element-populated\">\n\t\t\t\t\t\t\t\t<div class=\"elementor-element elementor-element-d24a0f2 elementor-widget elementor-widget-text-editor\" data-id=\"d24a0f2\" data-element_type=\"widget\" data-widget_type=\"text-editor.default\">\n\t\t\t\t<div class=\"elementor-widget-container\">\n\t\t\t\t\t\t\t<p><strong>Bluetooth<\/strong> 5.0<br \/><strong>Konektory<\/strong> Konektor Lightning<br \/><strong>S\u00ed\u0165<\/strong> 5G \/ LTE, Wi-Fi<br \/><strong>Baterie <\/strong>Li-ion 3265 mAh, bezdr\u00e1tov\u00e9 nab\u00edjen\u00ed, kompatibiln\u00ed s nab\u00edje\u010dkami Qi<br \/><strong>Velikost a hmotnost <\/strong>146,7 x 71,5 x 7,65 mm \/ 174 g<br \/><strong>Vodot\u011bsnost <\/strong>P\u016fvodn\u00ed vodot\u011bsnost IP68 nelze zaru\u010dit z d\u016fvodu renovace.<\/p>\n\t\t\t\t\t\t<\/div>\n\t\t\t\t<\/div>\n\t\t\t\t\t<\/div>\n\t\t<\/div>\n\t\t\t\t\t\t\t<\/div>\n\t\t<\/section>\n\t\t\t\t\t\t\t<\/div>\n\t\t","protected":false},"excerpt":{"rendered":"<ul class=\"CategoryCardDetailed__DetailsContainer-uha5n-5 cVOGue\">\n<li class=\"Detail__DetailContainer-sc-1osca0i-0 cpJJjX\">\n<p class=\"TextTag__HtmlTag-sc-4i1t5p-0 kGOcab\">Displej da 6,1&#8243;<\/p>\n<\/li>\n<li class=\"Detail__DetailContainer-sc-1osca0i-0 cpJJjX\">\n<p class=\"TextTag__HtmlTag-sc-4i1t5p-0 kGOcab\">Syst\u00e9m dvou kamer<\/p>\n<\/li>\n<li class=\"Detail__DetailContainer-sc-1osca0i-0 cpJJjX\">\n<p class=\"TextTag__HtmlTag-sc-4i1t5p-0 kGOcab\">\u010cip A15 Bionic<\/p>\n<\/li>\n<\/ul>\n","protected":false},"featured_media":10112,"comment_status":"closed","ping_status":"closed","template":"","meta":[],"product_cat":[910],"product_tag":[],"class_list":["post-10636","product","type-product","status-publish","has-post-thumbnail","hentry","product_cat-iphone-13-cs","pa_capacity-128-gb","pa_capacity-256-gb","pa_capacity-512-gb","pa_color-cervena","pa_color-modra","pa_color-pulnoc","pa_color-ruzova","pa_color-starlight-cs","pa_color-zelena","pa_grade-dobry","pa_grade-spravedlive","pa_grade-vynikajici"],"_links":{"self":[{"href":"https:\/\/ipremia.eu\/cs\/wp-json\/wp\/v2\/product\/10636","targetHints":{"allow":["GET"]}}],"collection":[{"href":"https:\/\/ipremia.eu\/cs\/wp-json\/wp\/v2\/product"}],"about":[{"href":"https:\/\/ipremia.eu\/cs\/wp-json\/wp\/v2\/types\/product"}],"replies":[{"embeddable":true,"href":"https:\/\/ipremia.eu\/cs\/wp-json\/wp\/v2\/comments?post=10636"}],"version-history":[{"count":2,"href":"https:\/\/ipremia.eu\/cs\/wp-json\/wp\/v2\/product\/10636\/revisions"}],"predecessor-version":[{"id":12420,"href":"https:\/\/ipremia.eu\/cs\/wp-json\/wp\/v2\/product\/10636\/revisions\/12420"}],"wp:featuredmedia":[{"embeddable":true,"href":"https:\/\/ipremia.eu\/cs\/wp-json\/wp\/v2\/media\/10112"}],"wp:attachment":[{"href":"https:\/\/ipremia.eu\/cs\/wp-json\/wp\/v2\/media?parent=10636"}],"wp:term":[{"taxonomy":"product_cat","embeddable":true,"href":"https:\/\/ipremia.eu\/cs\/wp-json\/wp\/v2\/product_cat?post=10636"},{"taxonomy":"product_tag","embeddable":true,"href":"https:\/\/ipremia.eu\/cs\/wp-json\/wp\/v2\/product_tag?post=10636"}],"curies":[{"name":"wp","href":"https:\/\/api.w.org\/{rel}","templated":true}]}}