{"id":10789,"date":"2022-11-24T18:26:50","date_gmt":"2022-11-24T18:26:50","guid":{"rendered":"https:\/\/ipremia.eu\/product\/iphone-12-pro\/"},"modified":"2023-07-01T14:11:44","modified_gmt":"2023-07-01T14:11:44","slug":"iphone-12-pro__trashed","status":"publish","type":"product","link":"https:\/\/ipremia.eu\/cs\/produkt\/iphone-12-pro__trashed\/","title":{"rendered":"iPhone 12 Pro"},"content":{"rendered":"\t\t<div data-elementor-type=\"product-post\" data-elementor-id=\"10789\" class=\"elementor elementor-10789 elementor-8483\">\n\t\t\t\t\t\t\t\t\t<section class=\"elementor-section elementor-top-section elementor-element elementor-element-bb595b9 elementor-section-boxed elementor-section-height-default elementor-section-height-default\" data-id=\"bb595b9\" data-element_type=\"section\">\n\t\t\t\t\t\t<div class=\"elementor-container elementor-column-gap-default\">\n\t\t\t\t\t<div class=\"elementor-column elementor-col-100 elementor-top-column elementor-element elementor-element-1cb3091\" data-id=\"1cb3091\" data-element_type=\"column\">\n\t\t\t<div class=\"elementor-widget-wrap elementor-element-populated\">\n\t\t\t\t\t\t\t\t<div class=\"elementor-element elementor-element-b9a39a3 elementor-widget elementor-widget-text-editor\" data-id=\"b9a39a3\" data-element_type=\"widget\" data-widget_type=\"text-editor.default\">\n\t\t\t\t<div class=\"elementor-widget-container\">\n\t\t\t<style>\/*! elementor - v3.12.1 - 02-04-2023 *\/\n.elementor-widget-text-editor.elementor-drop-cap-view-stacked .elementor-drop-cap{background-color:#69727d;color:#fff}.elementor-widget-text-editor.elementor-drop-cap-view-framed .elementor-drop-cap{color:#69727d;border:3px solid;background-color:transparent}.elementor-widget-text-editor:not(.elementor-drop-cap-view-default) .elementor-drop-cap{margin-top:8px}.elementor-widget-text-editor:not(.elementor-drop-cap-view-default) .elementor-drop-cap-letter{width:1em;height:1em}.elementor-widget-text-editor .elementor-drop-cap{float:left;text-align:center;line-height:1;font-size:50px}.elementor-widget-text-editor .elementor-drop-cap-letter{display:inline-block}<\/style>\t\t\t\t<p>Model 12 Pro je pr\u00e9miov\u00fdm \u0159e\u0161en\u00edm pro va\u0161e fotografick\u00e9 instinkty s extra teleobjektivem fotoapar\u00e1tu, sn\u00edma\u010dem detekce sv\u011btla a m\u011b\u0159en\u00ed vzd\u00e1lenosti. Nov\u00fd sn\u00edma\u010d zaost\u0159uje \u0161estkr\u00e1t rychleji ne\u017e jeho p\u0159edch\u016fdci. Jako by to nesta\u010dilo, 12 Pro m\u00e1 v\u00edce pam\u011bti RAM, dvakr\u00e1t v\u011bt\u0161\u00ed z\u00e1kladn\u00ed \u00falo\u017ei\u0161t\u011b a stylov\u00fd r\u00e1m z nerezov\u00e9 oceli.<\/p>\n\t\t\t\t\t\t<\/div>\n\t\t\t\t<\/div>\n\t\t\t\t\t<\/div>\n\t\t<\/div>\n\t\t\t\t\t\t\t<\/div>\n\t\t<\/section>\n\t\t\t\t<section class=\"elementor-section elementor-top-section elementor-element elementor-element-a15cd87 elementor-section-boxed elementor-section-height-default elementor-section-height-default\" data-id=\"a15cd87\" data-element_type=\"section\">\n\t\t\t\t\t\t<div class=\"elementor-container elementor-column-gap-default\">\n\t\t\t\t\t<div class=\"elementor-column elementor-col-50 elementor-top-column elementor-element elementor-element-a247a04\" data-id=\"a247a04\" data-element_type=\"column\">\n\t\t\t<div class=\"elementor-widget-wrap elementor-element-populated\">\n\t\t\t\t\t\t\t\t<div class=\"elementor-element elementor-element-87df1f0 elementor-widget elementor-widget-text-editor\" data-id=\"87df1f0\" data-element_type=\"widget\" data-widget_type=\"text-editor.default\">\n\t\t\t\t<div class=\"elementor-widget-container\">\n\t\t\t\t\t\t\t<p><strong>Displej<\/strong> 6,1palcov\u00fd displej Super Retina XDR s technologi\u00ed True Tone<br \/><strong>Zadn\u00ed kamera<\/strong> Pro 12MP kamerov\u00fd syst\u00e9m<br \/><strong>P\u0159edn\u00ed kamera<\/strong> 12 MP TrueDepth<br \/><strong>Procesor <\/strong>Super v\u00fdkonn\u00fd a inteligentn\u00ed \u010dip A14 Bionic<br \/><strong>\u00dalo\u017ei\u0161t\u011b <\/strong>128 GB, 256 GB, 512 GB<br \/><strong>Ov\u011b\u0159ov\u00e1n\u00ed <\/strong>Chra\u0148te sv\u00e9 soukrom\u00ed pomoc\u00ed rozpozn\u00e1v\u00e1n\u00ed obli\u010deje<br \/><strong>Karta SIM <\/strong>Dual SIM &#8211; nano-SIM a eSIM<\/p>\n\t\t\t\t\t\t<\/div>\n\t\t\t\t<\/div>\n\t\t\t\t\t<\/div>\n\t\t<\/div>\n\t\t\t\t<div class=\"elementor-column elementor-col-50 elementor-top-column elementor-element elementor-element-d7b5d1e\" data-id=\"d7b5d1e\" data-element_type=\"column\">\n\t\t\t<div class=\"elementor-widget-wrap elementor-element-populated\">\n\t\t\t\t\t\t\t\t<div class=\"elementor-element elementor-element-f84d7d5 elementor-widget elementor-widget-text-editor\" data-id=\"f84d7d5\" data-element_type=\"widget\" data-widget_type=\"text-editor.default\">\n\t\t\t\t<div class=\"elementor-widget-container\">\n\t\t\t\t\t\t\t<p><strong>Bluetooth<\/strong> 5.0<br \/><strong>Konektory<\/strong> Konektor Lightning<br \/><strong>S\u00ed\u0165<\/strong> 5G \/ LTE, Wi-Fi<br \/><strong>Baterie <\/strong>Li-ion 2815 mAh, bezdr\u00e1tov\u00e9 nab\u00edjen\u00ed, kompatibiln\u00ed s nab\u00edje\u010dkami Qi<br \/><strong>Velikost a hmotnost <\/strong>146,7 x 71,5 x 7,4 mm \/ 189 g<br \/><strong>Vodot\u011bsnost <\/strong>P\u016fvodn\u00ed vodot\u011bsnost IP68 nelze zaru\u010dit z d\u016fvodu renovace.<\/p>\n\t\t\t\t\t\t<\/div>\n\t\t\t\t<\/div>\n\t\t\t\t\t<\/div>\n\t\t<\/div>\n\t\t\t\t\t\t\t<\/div>\n\t\t<\/section>\n\t\t\t\t\t\t\t<\/div>\n\t\t","protected":false},"excerpt":{"rendered":"<ul class=\"CategoryCardDetailed__DetailsContainer-uha5n-5 cVOGue\">\n<li class=\"Detail__DetailContainer-sc-1osca0i-0 cpJJjX\">\n<p class=\"TextTag__HtmlTag-sc-4i1t5p-0 kGOcab\">6,1&#8243; displej<\/p>\n<\/li>\n<li class=\"Detail__DetailContainer-sc-1osca0i-0 cpJJjX\">\n<p class=\"TextTag__HtmlTag-sc-4i1t5p-0 kGOcab\">Syst\u00e9m t\u0159\u00ed kamer<\/p>\n<\/li>\n<li class=\"Detail__DetailContainer-sc-1osca0i-0 cpJJjX\">\n<p class=\"TextTag__HtmlTag-sc-4i1t5p-0 kGOcab\">\u010cip A14 Bionic<\/p>\n<\/li>\n<\/ul>\n","protected":false},"featured_media":10098,"comment_status":"closed","ping_status":"closed","template":"","meta":[],"product_cat":[931],"product_tag":[],"class_list":["post-10789","product","type-product","status-publish","has-post-thumbnail","hentry","product_cat-iphone-12-pro-cs","pa_capacity-128-gb","pa_capacity-256-gb","pa_capacity-512-gb","pa_color-grafit","pa_color-modra-pacifiku","pa_color-stribrna","pa_color-zlato","pa_grade-dobry","pa_grade-spravedlive","pa_grade-vynikajici"],"_links":{"self":[{"href":"https:\/\/ipremia.eu\/cs\/wp-json\/wp\/v2\/product\/10789","targetHints":{"allow":["GET"]}}],"collection":[{"href":"https:\/\/ipremia.eu\/cs\/wp-json\/wp\/v2\/product"}],"about":[{"href":"https:\/\/ipremia.eu\/cs\/wp-json\/wp\/v2\/types\/product"}],"replies":[{"embeddable":true,"href":"https:\/\/ipremia.eu\/cs\/wp-json\/wp\/v2\/comments?post=10789"}],"version-history":[{"count":2,"href":"https:\/\/ipremia.eu\/cs\/wp-json\/wp\/v2\/product\/10789\/revisions"}],"predecessor-version":[{"id":12829,"href":"https:\/\/ipremia.eu\/cs\/wp-json\/wp\/v2\/product\/10789\/revisions\/12829"}],"wp:featuredmedia":[{"embeddable":true,"href":"https:\/\/ipremia.eu\/cs\/wp-json\/wp\/v2\/media\/10098"}],"wp:attachment":[{"href":"https:\/\/ipremia.eu\/cs\/wp-json\/wp\/v2\/media?parent=10789"}],"wp:term":[{"taxonomy":"product_cat","embeddable":true,"href":"https:\/\/ipremia.eu\/cs\/wp-json\/wp\/v2\/product_cat?post=10789"},{"taxonomy":"product_tag","embeddable":true,"href":"https:\/\/ipremia.eu\/cs\/wp-json\/wp\/v2\/product_tag?post=10789"}],"curies":[{"name":"wp","href":"https:\/\/api.w.org\/{rel}","templated":true}]}}