{"id":10892,"date":"2022-11-25T12:09:25","date_gmt":"2022-11-25T12:09:25","guid":{"rendered":"https:\/\/ipremia.eu\/product\/iphone-13-pro\/"},"modified":"2023-04-08T16:17:57","modified_gmt":"2023-04-08T16:17:57","slug":"iphone-13-pro","status":"publish","type":"product","link":"https:\/\/ipremia.eu\/cs\/produkt\/iphone-13-pro\/","title":{"rendered":"iPhone 13 Pro"},"content":{"rendered":"\t\t<div data-elementor-type=\"product-post\" data-elementor-id=\"10892\" class=\"elementor elementor-10892 elementor-8811\">\n\t\t\t\t\t\t\t\t\t<section class=\"elementor-section elementor-top-section elementor-element elementor-element-e55f6ab elementor-section-boxed elementor-section-height-default elementor-section-height-default\" data-id=\"e55f6ab\" data-element_type=\"section\">\n\t\t\t\t\t\t<div class=\"elementor-container elementor-column-gap-default\">\n\t\t\t\t\t<div class=\"elementor-column elementor-col-100 elementor-top-column elementor-element elementor-element-0d1dd4a\" data-id=\"0d1dd4a\" data-element_type=\"column\">\n\t\t\t<div class=\"elementor-widget-wrap elementor-element-populated\">\n\t\t\t\t\t\t\t\t<div class=\"elementor-element elementor-element-7dfcb72 elementor-widget elementor-widget-text-editor\" data-id=\"7dfcb72\" data-element_type=\"widget\" data-widget_type=\"text-editor.default\">\n\t\t\t\t<div class=\"elementor-widget-container\">\n\t\t\t<style>\/*! elementor - v3.12.1 - 02-04-2023 *\/\n.elementor-widget-text-editor.elementor-drop-cap-view-stacked .elementor-drop-cap{background-color:#69727d;color:#fff}.elementor-widget-text-editor.elementor-drop-cap-view-framed .elementor-drop-cap{color:#69727d;border:3px solid;background-color:transparent}.elementor-widget-text-editor:not(.elementor-drop-cap-view-default) .elementor-drop-cap{margin-top:8px}.elementor-widget-text-editor:not(.elementor-drop-cap-view-default) .elementor-drop-cap-letter{width:1em;height:1em}.elementor-widget-text-editor .elementor-drop-cap{float:left;text-align:center;line-height:1;font-size:50px}.elementor-widget-text-editor .elementor-drop-cap-letter{display:inline-block}<\/style>\t\t\t\t<p>iPhone 13 Pro je navr\u017een pro optim\u00e1ln\u00ed u\u017eivatelsk\u00fd z\u00e1\u017eitek d\u00edky robustn\u00ed konstrukci a v\u00fdrazn\u00e9mu prodlou\u017een\u00ed v\u00fddr\u017ee baterie (1,5 hodiny). 6,1&#8243; displej Super Retina XDR s technologi\u00ed ProMotion poskytuje svi\u017en\u011bj\u0161\u00ed a rychlej\u0161\u00ed odezvu ne\u017e kdykoli p\u0159edt\u00edm. Nemluv\u011b o superrychl\u00e9m nab\u00edjen\u00ed, d\u00edky kter\u00e9mu se telefon vybije za m\u00e9n\u011b ne\u017e hodinu. Tento telefon je ide\u00e1ln\u00ed pro tv\u016frce obsahu, kte\u0159\u00ed hledaj\u00ed vysoce kvalitn\u00ed fotografie a videa.<\/p>\n\t\t\t\t\t\t<\/div>\n\t\t\t\t<\/div>\n\t\t\t\t\t<\/div>\n\t\t<\/div>\n\t\t\t\t\t\t\t<\/div>\n\t\t<\/section>\n\t\t\t\t<section class=\"elementor-section elementor-top-section elementor-element elementor-element-684ee14 elementor-section-boxed elementor-section-height-default elementor-section-height-default\" data-id=\"684ee14\" data-element_type=\"section\">\n\t\t\t\t\t\t<div class=\"elementor-container elementor-column-gap-default\">\n\t\t\t\t\t<div class=\"elementor-column elementor-col-50 elementor-top-column elementor-element elementor-element-45de313\" data-id=\"45de313\" data-element_type=\"column\">\n\t\t\t<div class=\"elementor-widget-wrap elementor-element-populated\">\n\t\t\t\t\t\t\t\t<div class=\"elementor-element elementor-element-3f78262 elementor-widget elementor-widget-text-editor\" data-id=\"3f78262\" data-element_type=\"widget\" data-widget_type=\"text-editor.default\">\n\t\t\t\t<div class=\"elementor-widget-container\">\n\t\t\t\t\t\t\t<p><strong>Displej<\/strong> 6,1palcov\u00fd displej Super Retina XDR s technologi\u00ed ProMotion<br \/><strong>Zadn\u00ed kamera<\/strong> Pro 12MP kamerov\u00fd syst\u00e9m<br \/><strong>P\u0159edn\u00ed kamera<\/strong> 12 MP TrueDepth<br \/><strong>Procesor <\/strong>Super v\u00fdkonn\u00fd a inteligentn\u00ed \u010dip A15 Bionic<br \/><strong>\u00dalo\u017ei\u0161t\u011b <\/strong>128 GB, 256 GB, 512 GB, 1 TB<br \/><strong>Ov\u011b\u0159ov\u00e1n\u00ed <\/strong>Chra\u0148te sv\u00e9 soukrom\u00ed pomoc\u00ed rozpozn\u00e1v\u00e1n\u00ed obli\u010deje<br \/><strong>Karta SIM <\/strong>Dual SIM &#8211; nano-SIM a eSIM<\/p>\n\t\t\t\t\t\t<\/div>\n\t\t\t\t<\/div>\n\t\t\t\t\t<\/div>\n\t\t<\/div>\n\t\t\t\t<div class=\"elementor-column elementor-col-50 elementor-top-column elementor-element elementor-element-debd9b4\" data-id=\"debd9b4\" data-element_type=\"column\">\n\t\t\t<div class=\"elementor-widget-wrap elementor-element-populated\">\n\t\t\t\t\t\t\t\t<div class=\"elementor-element elementor-element-5fce417 elementor-widget elementor-widget-text-editor\" data-id=\"5fce417\" data-element_type=\"widget\" data-widget_type=\"text-editor.default\">\n\t\t\t\t<div class=\"elementor-widget-container\">\n\t\t\t\t\t\t\t<p><strong>Bluetooth<\/strong> 5.0<br \/><strong>Konektory<\/strong> Konektor Lightning<br \/><strong>S\u00ed\u0165<\/strong> 5G \/ LTE, Wi-Fi<br \/><strong>Baterie <\/strong>Li-ion 3150 mAh, bezdr\u00e1tov\u00e9 nab\u00edjen\u00ed, kompatibiln\u00ed s nab\u00edje\u010dkami Qi<br \/><strong>Velikost a hmotnost <\/strong>146,7 x 71,5 x 7,65 mm \/ 204 g<br \/><strong>Vodot\u011bsnost <\/strong>P\u016fvodn\u00ed vodot\u011bsnost IP68 nelze zaru\u010dit z d\u016fvodu renovace.<\/p>\n\t\t\t\t\t\t<\/div>\n\t\t\t\t<\/div>\n\t\t\t\t\t<\/div>\n\t\t<\/div>\n\t\t\t\t\t\t\t<\/div>\n\t\t<\/section>\n\t\t\t\t\t\t\t<\/div>\n\t\t","protected":false},"excerpt":{"rendered":"<ul class=\"CategoryCardDetailed__DetailsContainer-uha5n-5 cVOGue\">\n<li class=\"Detail__DetailContainer-sc-1osca0i-0 cpJJjX\">\n<p class=\"TextTag__HtmlTag-sc-4i1t5p-0 kGOcab\">Displej da 6,1&#8243;<\/p>\n<\/li>\n<li class=\"Detail__DetailContainer-sc-1osca0i-0 cpJJjX\">\n<p class=\"TextTag__HtmlTag-sc-4i1t5p-0 kGOcab\">Trojit\u00fd kamerov\u00fd syst\u00e9m<\/p>\n<\/li>\n<li class=\"Detail__DetailContainer-sc-1osca0i-0 cpJJjX\">\n<p class=\"TextTag__HtmlTag-sc-4i1t5p-0 kGOcab\">\u010cip A15 Bionic<\/p>\n<\/li>\n<\/ul>\n","protected":false},"featured_media":10123,"comment_status":"closed","ping_status":"closed","template":"","meta":[],"product_cat":[933],"product_tag":[],"class_list":["post-10892","product","type-product","status-publish","has-post-thumbnail","hentry","product_cat-iphone-13-pro-cs","pa_capacity-128-gb","pa_capacity-1t-cs","pa_capacity-256-gb","pa_capacity-512-gb","pa_color-grafit","pa_color-modra-sierra","pa_color-stribrna","pa_color-zelena","pa_color-zlato","pa_grade-dobry","pa_grade-spravedlive","pa_grade-vynikajici"],"_links":{"self":[{"href":"https:\/\/ipremia.eu\/cs\/wp-json\/wp\/v2\/product\/10892","targetHints":{"allow":["GET"]}}],"collection":[{"href":"https:\/\/ipremia.eu\/cs\/wp-json\/wp\/v2\/product"}],"about":[{"href":"https:\/\/ipremia.eu\/cs\/wp-json\/wp\/v2\/types\/product"}],"replies":[{"embeddable":true,"href":"https:\/\/ipremia.eu\/cs\/wp-json\/wp\/v2\/comments?post=10892"}],"version-history":[{"count":1,"href":"https:\/\/ipremia.eu\/cs\/wp-json\/wp\/v2\/product\/10892\/revisions"}],"predecessor-version":[{"id":11008,"href":"https:\/\/ipremia.eu\/cs\/wp-json\/wp\/v2\/product\/10892\/revisions\/11008"}],"wp:featuredmedia":[{"embeddable":true,"href":"https:\/\/ipremia.eu\/cs\/wp-json\/wp\/v2\/media\/10123"}],"wp:attachment":[{"href":"https:\/\/ipremia.eu\/cs\/wp-json\/wp\/v2\/media?parent=10892"}],"wp:term":[{"taxonomy":"product_cat","embeddable":true,"href":"https:\/\/ipremia.eu\/cs\/wp-json\/wp\/v2\/product_cat?post=10892"},{"taxonomy":"product_tag","embeddable":true,"href":"https:\/\/ipremia.eu\/cs\/wp-json\/wp\/v2\/product_tag?post=10892"}],"curies":[{"name":"wp","href":"https:\/\/api.w.org\/{rel}","templated":true}]}}