{"id":11014,"date":"2022-11-25T12:09:47","date_gmt":"2022-11-25T12:09:47","guid":{"rendered":"https:\/\/ipremia.eu\/product\/iphone-13-pro-max\/"},"modified":"2023-04-08T17:03:51","modified_gmt":"2023-04-08T17:03:51","slug":"iphone-13-pro-max","status":"publish","type":"product","link":"https:\/\/ipremia.eu\/cs\/produkt\/iphone-13-pro-max\/","title":{"rendered":"iPhone 13 Pro Max"},"content":{"rendered":"\t\t<div data-elementor-type=\"product-post\" data-elementor-id=\"11014\" class=\"elementor elementor-11014 elementor-8878\">\n\t\t\t\t\t\t\t\t\t<section class=\"elementor-section elementor-top-section elementor-element elementor-element-ac99f4d elementor-section-boxed elementor-section-height-default elementor-section-height-default\" data-id=\"ac99f4d\" data-element_type=\"section\">\n\t\t\t\t\t\t<div class=\"elementor-container elementor-column-gap-default\">\n\t\t\t\t\t<div class=\"elementor-column elementor-col-100 elementor-top-column elementor-element elementor-element-abb695f\" data-id=\"abb695f\" data-element_type=\"column\">\n\t\t\t<div class=\"elementor-widget-wrap elementor-element-populated\">\n\t\t\t\t\t\t\t\t<div class=\"elementor-element elementor-element-44b0948 elementor-widget elementor-widget-text-editor\" data-id=\"44b0948\" data-element_type=\"widget\" data-widget_type=\"text-editor.default\">\n\t\t\t\t<div class=\"elementor-widget-container\">\n\t\t\t<style>\/*! elementor - v3.12.1 - 02-04-2023 *\/\n.elementor-widget-text-editor.elementor-drop-cap-view-stacked .elementor-drop-cap{background-color:#69727d;color:#fff}.elementor-widget-text-editor.elementor-drop-cap-view-framed .elementor-drop-cap{color:#69727d;border:3px solid;background-color:transparent}.elementor-widget-text-editor:not(.elementor-drop-cap-view-default) .elementor-drop-cap{margin-top:8px}.elementor-widget-text-editor:not(.elementor-drop-cap-view-default) .elementor-drop-cap-letter{width:1em;height:1em}.elementor-widget-text-editor .elementor-drop-cap{float:left;text-align:center;line-height:1;font-size:50px}.elementor-widget-text-editor .elementor-drop-cap-letter{display:inline-block}<\/style>\t\t\t\t<p class=\"ProductInfo__ProductPageShortDescription-sc-7tfi9x-5 eQHjGw\">Jeden z nejlep\u0161\u00edch iPhon\u016f na trhu. Jeho 6,7&#8243; obrazovka je nejv\u011bt\u0161\u00ed, jakou kdy iPhone m\u011bl, a v\u00fddr\u017e baterie je nejdel\u0161\u00ed ze v\u0161ech iPhon\u016f v\u016fbec. N\u00e1dhern\u00fd displej OLED s vynikaj\u00edc\u00ed reprodukc\u00ed barev a p\u0159ehr\u00e1v\u00e1n\u00edm Dolby Vision pro lep\u0161\u00ed \u010distotu a detaily p\u0159i sledov\u00e1n\u00ed film\u016f. Pokud hled\u00e1te luxusn\u00ed telefon, zva\u017ete iPhone 13 Pro Max od spole\u010dnosti Apple.<\/p>\n\t\t\t\t\t\t<\/div>\n\t\t\t\t<\/div>\n\t\t\t\t\t<\/div>\n\t\t<\/div>\n\t\t\t\t\t\t\t<\/div>\n\t\t<\/section>\n\t\t\t\t<section class=\"elementor-section elementor-top-section elementor-element elementor-element-9fee6f1 elementor-section-boxed elementor-section-height-default elementor-section-height-default\" data-id=\"9fee6f1\" data-element_type=\"section\">\n\t\t\t\t\t\t<div class=\"elementor-container elementor-column-gap-default\">\n\t\t\t\t\t<div class=\"elementor-column elementor-col-50 elementor-top-column elementor-element elementor-element-9c8c58a\" data-id=\"9c8c58a\" data-element_type=\"column\">\n\t\t\t<div class=\"elementor-widget-wrap elementor-element-populated\">\n\t\t\t\t\t\t\t\t<div class=\"elementor-element elementor-element-88fd551 elementor-widget elementor-widget-text-editor\" data-id=\"88fd551\" data-element_type=\"widget\" data-widget_type=\"text-editor.default\">\n\t\t\t\t<div class=\"elementor-widget-container\">\n\t\t\t\t\t\t\t<p><strong>Displej<\/strong> 6,1palcov\u00fd displej Super Retina XDR s technologi\u00ed ProMotion<br \/><strong>Zadn\u00ed kamera<\/strong> Pro 12MP kamerov\u00fd syst\u00e9m<br \/><strong>P\u0159edn\u00ed kamera<\/strong> 12 MP TrueDepth<br \/><strong>Procesor <\/strong>Super v\u00fdkonn\u00fd a inteligentn\u00ed \u010dip A15 Bionic<br \/><strong>\u00dalo\u017ei\u0161t\u011b <\/strong>128 GB, 256 GB, 512 GB, 1 TB<br \/><strong>Ov\u011b\u0159ov\u00e1n\u00ed <\/strong>Chra\u0148te sv\u00e9 soukrom\u00ed pomoc\u00ed rozpozn\u00e1v\u00e1n\u00ed obli\u010deje<br \/><strong>Karta SIM <\/strong>Dual SIM &#8211; nano-SIM a eSIM<\/p>\n\t\t\t\t\t\t<\/div>\n\t\t\t\t<\/div>\n\t\t\t\t\t<\/div>\n\t\t<\/div>\n\t\t\t\t<div class=\"elementor-column elementor-col-50 elementor-top-column elementor-element elementor-element-ef870bf\" data-id=\"ef870bf\" data-element_type=\"column\">\n\t\t\t<div class=\"elementor-widget-wrap elementor-element-populated\">\n\t\t\t\t\t\t\t\t<div class=\"elementor-element elementor-element-1907baf elementor-widget elementor-widget-text-editor\" data-id=\"1907baf\" data-element_type=\"widget\" data-widget_type=\"text-editor.default\">\n\t\t\t\t<div class=\"elementor-widget-container\">\n\t\t\t\t\t\t\t<p><strong>Bluetooth<\/strong> 5.0<br \/><strong>Konektory<\/strong> Konektor Lightning<br \/><strong>S\u00ed\u0165<\/strong> 5G \/ LTE, Wi-Fi<br \/><strong>Baterie <\/strong>Li-ion 4400 mAh, bezdr\u00e1tov\u00e9 nab\u00edjen\u00ed, kompatibiln\u00ed s nab\u00edje\u010dkami Qi<br \/><strong>Velikost a hmotnost160<\/strong>,8 x 78,1 x 7,65 mm \/ 144 g<br \/><strong>Vodot\u011bsnost <\/strong>P\u016fvodn\u00ed vodot\u011bsnost IP68 nelze zaru\u010dit z d\u016fvodu renovace.<\/p>\n\t\t\t\t\t\t<\/div>\n\t\t\t\t<\/div>\n\t\t\t\t\t<\/div>\n\t\t<\/div>\n\t\t\t\t\t\t\t<\/div>\n\t\t<\/section>\n\t\t\t\t\t\t\t<\/div>\n\t\t","protected":false},"excerpt":{"rendered":"<ul class=\"CategoryCardDetailed__DetailsContainer-uha5n-5 cVOGue\">\n<li class=\"Detail__DetailContainer-sc-1osca0i-0 cpJJjX\">\n<p class=\"TextTag__HtmlTag-sc-4i1t5p-0 kGOcab\">Displej da 6,7&#8243;<\/p>\n<\/li>\n<li class=\"Detail__DetailContainer-sc-1osca0i-0 cpJJjX\">\n<p class=\"TextTag__HtmlTag-sc-4i1t5p-0 kGOcab\">Trojit\u00fd kamerov\u00fd syst\u00e9m<\/p>\n<\/li>\n<li class=\"Detail__DetailContainer-sc-1osca0i-0 cpJJjX\">\n<p class=\"TextTag__HtmlTag-sc-4i1t5p-0 kGOcab\">\u010cip A15 Bionic<\/p>\n<\/li>\n<\/ul>\n","protected":false},"featured_media":10128,"comment_status":"closed","ping_status":"closed","template":"","meta":[],"product_cat":[934],"product_tag":[],"class_list":["post-11014","product","type-product","status-publish","has-post-thumbnail","hentry","product_cat-iphone-13-pro-max-cs","pa_capacity-128-gb","pa_capacity-1t-cs","pa_capacity-256-gb","pa_capacity-512-gb","pa_color-grafit","pa_color-modra-sierra","pa_color-stribrna","pa_color-zelena","pa_color-zlato","pa_grade-dobry","pa_grade-spravedlive","pa_grade-vynikajici"],"_links":{"self":[{"href":"https:\/\/ipremia.eu\/cs\/wp-json\/wp\/v2\/product\/11014","targetHints":{"allow":["GET"]}}],"collection":[{"href":"https:\/\/ipremia.eu\/cs\/wp-json\/wp\/v2\/product"}],"about":[{"href":"https:\/\/ipremia.eu\/cs\/wp-json\/wp\/v2\/types\/product"}],"replies":[{"embeddable":true,"href":"https:\/\/ipremia.eu\/cs\/wp-json\/wp\/v2\/comments?post=11014"}],"version-history":[{"count":2,"href":"https:\/\/ipremia.eu\/cs\/wp-json\/wp\/v2\/product\/11014\/revisions"}],"predecessor-version":[{"id":12418,"href":"https:\/\/ipremia.eu\/cs\/wp-json\/wp\/v2\/product\/11014\/revisions\/12418"}],"wp:featuredmedia":[{"embeddable":true,"href":"https:\/\/ipremia.eu\/cs\/wp-json\/wp\/v2\/media\/10128"}],"wp:attachment":[{"href":"https:\/\/ipremia.eu\/cs\/wp-json\/wp\/v2\/media?parent=11014"}],"wp:term":[{"taxonomy":"product_cat","embeddable":true,"href":"https:\/\/ipremia.eu\/cs\/wp-json\/wp\/v2\/product_cat?post=11014"},{"taxonomy":"product_tag","embeddable":true,"href":"https:\/\/ipremia.eu\/cs\/wp-json\/wp\/v2\/product_tag?post=11014"}],"curies":[{"name":"wp","href":"https:\/\/api.w.org\/{rel}","templated":true}]}}