{"id":11095,"date":"2022-11-25T13:14:39","date_gmt":"2022-11-25T13:14:39","guid":{"rendered":"https:\/\/ipremia.eu\/product\/iphone-14\/"},"modified":"2023-04-26T15:04:41","modified_gmt":"2023-04-26T15:04:41","slug":"iphone-14","status":"publish","type":"product","link":"https:\/\/ipremia.eu\/cs\/produkt\/iphone-14\/","title":{"rendered":"iPhone 14"},"content":{"rendered":"\t\t<div data-elementor-type=\"product-post\" data-elementor-id=\"11095\" class=\"elementor elementor-11095 elementor-8945\">\n\t\t\t\t\t\t\t\t\t<section class=\"elementor-section elementor-top-section elementor-element elementor-element-a2ab4c1 elementor-section-boxed elementor-section-height-default elementor-section-height-default\" data-id=\"a2ab4c1\" data-element_type=\"section\">\n\t\t\t\t\t\t<div class=\"elementor-container elementor-column-gap-default\">\n\t\t\t\t\t<div class=\"elementor-column elementor-col-100 elementor-top-column elementor-element elementor-element-010cb26\" data-id=\"010cb26\" data-element_type=\"column\">\n\t\t\t<div class=\"elementor-widget-wrap elementor-element-populated\">\n\t\t\t\t\t\t\t\t<div class=\"elementor-element elementor-element-771e31a elementor-widget elementor-widget-text-editor\" data-id=\"771e31a\" data-element_type=\"widget\" data-widget_type=\"text-editor.default\">\n\t\t\t\t<div class=\"elementor-widget-container\">\n\t\t\t<style>\/*! elementor - v3.12.1 - 02-04-2023 *\/\n.elementor-widget-text-editor.elementor-drop-cap-view-stacked .elementor-drop-cap{background-color:#69727d;color:#fff}.elementor-widget-text-editor.elementor-drop-cap-view-framed .elementor-drop-cap{color:#69727d;border:3px solid;background-color:transparent}.elementor-widget-text-editor:not(.elementor-drop-cap-view-default) .elementor-drop-cap{margin-top:8px}.elementor-widget-text-editor:not(.elementor-drop-cap-view-default) .elementor-drop-cap-letter{width:1em;height:1em}.elementor-widget-text-editor .elementor-drop-cap{float:left;text-align:center;line-height:1;font-size:50px}.elementor-widget-text-editor .elementor-drop-cap-letter{display:inline-block}<\/style>\t\t\t\t<p class=\"ProductInfo__ProductPageShortDescription-sc-7tfi9x-5 eQHjGw\">S iPhonem 14 za\u017eijete skute\u010dn\u011b jedine\u010dn\u00fd z\u00e1\u017eitek s chytr\u00fdm telefonem.<br \/>Z\u00edsk\u00e1te celodenn\u00ed v\u00fddr\u017e baterie, rychlou reakci, p\u0159izp\u016fsobitelnou zamykac\u00ed obrazovku a o 49 % v\u00edce sv\u011btla pro vytv\u00e1\u0159en\u00ed kr\u00e1sn\u00fdch fotografi\u00ed a vide\u00ed.<\/p>\n\t\t\t\t\t\t<\/div>\n\t\t\t\t<\/div>\n\t\t\t\t\t<\/div>\n\t\t<\/div>\n\t\t\t\t\t\t\t<\/div>\n\t\t<\/section>\n\t\t\t\t<section class=\"elementor-section elementor-top-section elementor-element elementor-element-1e79890 elementor-section-boxed elementor-section-height-default elementor-section-height-default\" data-id=\"1e79890\" data-element_type=\"section\">\n\t\t\t\t\t\t<div class=\"elementor-container elementor-column-gap-default\">\n\t\t\t\t\t<div class=\"elementor-column elementor-col-50 elementor-top-column elementor-element elementor-element-de59060\" data-id=\"de59060\" data-element_type=\"column\">\n\t\t\t<div class=\"elementor-widget-wrap elementor-element-populated\">\n\t\t\t\t\t\t\t\t<div class=\"elementor-element elementor-element-8e4bac9 elementor-widget elementor-widget-text-editor\" data-id=\"8e4bac9\" data-element_type=\"widget\" data-widget_type=\"text-editor.default\">\n\t\t\t\t<div class=\"elementor-widget-container\">\n\t\t\t\t\t\t\t<p><strong>Displej<\/strong> 6,1palcov\u00fd displej Super Retina XDR s technologi\u00ed ProMotion<br \/><strong>Zadn\u00ed kamera<\/strong> Pro 12MP kamerov\u00fd syst\u00e9m<br \/><strong>P\u0159edn\u00ed kamera<\/strong> 12 MP TrueDepth<br \/><strong>Procesor <\/strong>Super v\u00fdkonn\u00fd a inteligentn\u00ed \u010dip A15 Bionic<br \/><strong>\u00dalo\u017ei\u0161t\u011b <\/strong>128 GB, 256 GB, 512 GB, 1 TB<br \/><strong>Ov\u011b\u0159ov\u00e1n\u00ed <\/strong>Chra\u0148te sv\u00e9 soukrom\u00ed pomoc\u00ed rozpozn\u00e1v\u00e1n\u00ed obli\u010deje<br \/><strong>Karta SIM <\/strong>Dual SIM &#8211; nano-SIM a eSIM<\/p>\n\t\t\t\t\t\t<\/div>\n\t\t\t\t<\/div>\n\t\t\t\t\t<\/div>\n\t\t<\/div>\n\t\t\t\t<div class=\"elementor-column elementor-col-50 elementor-top-column elementor-element elementor-element-3ff878d\" data-id=\"3ff878d\" data-element_type=\"column\">\n\t\t\t<div class=\"elementor-widget-wrap elementor-element-populated\">\n\t\t\t\t\t\t\t\t<div class=\"elementor-element elementor-element-3a04df1 elementor-widget elementor-widget-text-editor\" data-id=\"3a04df1\" data-element_type=\"widget\" data-widget_type=\"text-editor.default\">\n\t\t\t\t<div class=\"elementor-widget-container\">\n\t\t\t\t\t\t\t<p><strong>Bluetooth<\/strong> 5.0<br \/><strong>Konektory<\/strong> Konektor Lightning<br \/><strong>S\u00ed\u0165<\/strong> 5G \/ LTE, Wi-Fi<br \/><strong>Baterie <\/strong>Li-ion 4400 mAh, bezdr\u00e1tov\u00e9 nab\u00edjen\u00ed, kompatibiln\u00ed s nab\u00edje\u010dkami Qi<br \/><strong>Velikost a hmotnost <\/strong>160,8 x 78,1 x 7,65 mm \/ 144 g<br \/><strong>Vodot\u011bsnost <\/strong>P\u016fvodn\u00ed vodot\u011bsnost IP68 nelze zaru\u010dit z d\u016fvodu renovace.<\/p>\n\t\t\t\t\t\t<\/div>\n\t\t\t\t<\/div>\n\t\t\t\t\t<\/div>\n\t\t<\/div>\n\t\t\t\t\t\t\t<\/div>\n\t\t<\/section>\n\t\t\t\t\t\t\t<\/div>\n\t\t","protected":false},"excerpt":{"rendered":"<ul class=\"CategoryCardDetailed__DetailsContainer-uha5n-5 cVOGue\">\n<li class=\"Detail__DetailContainer-sc-1osca0i-0 cpJJjX\">\n<p class=\"TextTag__HtmlTag-sc-4i1t5p-0 kGOcab\">Displej da 6,1&#8243;<\/p>\n<\/li>\n<li class=\"Detail__DetailContainer-sc-1osca0i-0 cpJJjX\">\n<p class=\"TextTag__HtmlTag-sc-4i1t5p-0 kGOcab\">Syst\u00e9m dvou kamer<\/p>\n<\/li>\n<li class=\"Detail__DetailContainer-sc-1osca0i-0 cpJJjX\">\n<p class=\"TextTag__HtmlTag-sc-4i1t5p-0 kGOcab\">\u010cip A15 Bionic<\/p>\n<\/li>\n<\/ul>\n","protected":false},"featured_media":10133,"comment_status":"closed","ping_status":"closed","template":"","meta":[],"product_cat":[917],"product_tag":[],"class_list":["post-11095","product","type-product","status-publish","has-post-thumbnail","hentry","product_cat-iphone-14-cs","pa_capacity-128-gb","pa_capacity-256-gb","pa_capacity-512-gb","pa_color-cervena","pa_color-fialova","pa_color-modra","pa_color-pulnoc","pa_color-starlight-cs","pa_grade-dobry","pa_grade-spravedlive","pa_grade-vynikajici"],"_links":{"self":[{"href":"https:\/\/ipremia.eu\/cs\/wp-json\/wp\/v2\/product\/11095","targetHints":{"allow":["GET"]}}],"collection":[{"href":"https:\/\/ipremia.eu\/cs\/wp-json\/wp\/v2\/product"}],"about":[{"href":"https:\/\/ipremia.eu\/cs\/wp-json\/wp\/v2\/types\/product"}],"replies":[{"embeddable":true,"href":"https:\/\/ipremia.eu\/cs\/wp-json\/wp\/v2\/comments?post=11095"}],"version-history":[{"count":7,"href":"https:\/\/ipremia.eu\/cs\/wp-json\/wp\/v2\/product\/11095\/revisions"}],"predecessor-version":[{"id":12373,"href":"https:\/\/ipremia.eu\/cs\/wp-json\/wp\/v2\/product\/11095\/revisions\/12373"}],"wp:featuredmedia":[{"embeddable":true,"href":"https:\/\/ipremia.eu\/cs\/wp-json\/wp\/v2\/media\/10133"}],"wp:attachment":[{"href":"https:\/\/ipremia.eu\/cs\/wp-json\/wp\/v2\/media?parent=11095"}],"wp:term":[{"taxonomy":"product_cat","embeddable":true,"href":"https:\/\/ipremia.eu\/cs\/wp-json\/wp\/v2\/product_cat?post=11095"},{"taxonomy":"product_tag","embeddable":true,"href":"https:\/\/ipremia.eu\/cs\/wp-json\/wp\/v2\/product_tag?post=11095"}],"curies":[{"name":"wp","href":"https:\/\/api.w.org\/{rel}","templated":true}]}}